{"id":1087,"date":"2022-07-13T16:10:01","date_gmt":"2022-07-13T14:10:01","guid":{"rendered":"http:\/\/yeti-architectes.fr\/?page_id=1087"},"modified":"2022-07-28T17:23:45","modified_gmt":"2022-07-28T15:23:45","slug":"115-logements-gisors","status":"publish","type":"page","link":"https:\/\/yeti-architectes.fr\/index.php\/115-logements-gisors\/","title":{"rendered":"115 logements &#8211; Gisors"},"content":{"rendered":"\t\t<div data-elementor-type=\"wp-post\" data-elementor-id=\"1087\" class=\"elementor elementor-1087\">\n\t\t\t\t\t\t<div class=\"elementor-inner\">\n\t\t\t\t<div class=\"elementor-section-wrap\">\n\t\t\t\t\t\t\t\t\t<section class=\"elementor-section elementor-top-section elementor-element elementor-element-2cd7973 elementor-section-full_width elementor-section-height-default elementor-section-height-default\" data-id=\"2cd7973\" data-element_type=\"section\">\n\t\t\t\t\t\t<div class=\"elementor-container elementor-column-gap-no\">\n\t\t\t\t\t\t\t<div class=\"elementor-row\">\n\t\t\t\t\t<div class=\"elementor-column elementor-col-100 elementor-top-column elementor-element elementor-element-c5c6cf0\" data-id=\"c5c6cf0\" data-element_type=\"column\">\n\t\t\t<div class=\"elementor-column-wrap elementor-element-populated\">\n\t\t\t\t\t\t\t<div class=\"elementor-widget-wrap\">\n\t\t\t\t\t\t<div class=\"elementor-element elementor-element-29cd298 elementor-widget elementor-widget-heading\" data-id=\"29cd298\" data-element_type=\"widget\" data-widget_type=\"heading.default\">\n\t\t\t\t<div class=\"elementor-widget-container\">\n\t\t\t<h2 class=\"elementor-heading-title elementor-size-default\">115 logements<\/h2>\t\t<\/div>\n\t\t\t\t<\/div>\n\t\t\t\t<div class=\"elementor-element elementor-element-49a7809 elementor-widget__width-inherit elementor-widget elementor-widget-image\" data-id=\"49a7809\" data-element_type=\"widget\" data-widget_type=\"image.default\">\n\t\t\t\t<div class=\"elementor-widget-container\">\n\t\t\t\t\t\t\t\t<div class=\"elementor-image\">\n\t\t\t\t\t\t\t\t\t\t\t\t<img width=\"1536\" height=\"864\" src=\"https:\/\/yeti-architectes.fr\/wp-content\/uploads\/2022\/07\/Image15_004-1536x864.jpg\" class=\"attachment-1536x1536 size-1536x1536\" alt=\"\" loading=\"lazy\" srcset=\"https:\/\/yeti-architectes.fr\/wp-content\/uploads\/2022\/07\/Image15_004-1536x864.jpg 1536w, https:\/\/yeti-architectes.fr\/wp-content\/uploads\/2022\/07\/Image15_004-300x169.jpg 300w, https:\/\/yeti-architectes.fr\/wp-content\/uploads\/2022\/07\/Image15_004-1024x576.jpg 1024w, https:\/\/yeti-architectes.fr\/wp-content\/uploads\/2022\/07\/Image15_004-768x432.jpg 768w, https:\/\/yeti-architectes.fr\/wp-content\/uploads\/2022\/07\/Image15_004.jpg 2000w\" sizes=\"(max-width: 1536px) 100vw, 1536px\" \/>\t\t\t\t\t\t\t\t\t\t\t\t\t\t<\/div>\n\t\t\t\t\t\t<\/div>\n\t\t\t\t<\/div>\n\t\t\t\t<div class=\"elementor-element elementor-element-70122b1 elementor-widget elementor-widget-text-editor\" data-id=\"70122b1\" data-element_type=\"widget\" data-widget_type=\"text-editor.default\">\n\t\t\t\t<div class=\"elementor-widget-container\">\n\t\t\t\t\t\t\t\t<div class=\"elementor-text-editor elementor-clearfix\">\n\t\t\t\t<p style=\"text-align: left;\"><strong>Programme : <\/strong>88 logements collectifs et 27 maisons group\u00e9es<\/p><p><strong>Localisation : <\/strong>GISORS , rue Albert Forcinal<\/p><p><strong>Type de commande :<\/strong> priv\u00e9e<\/p><p><strong>Ma\u00eetre d&#8217;ouvrage :<\/strong> BOUYGUES IMMOBILIER<\/p><p><strong>Surfaces logements :<\/strong> 4742 m\u00b2 SHAB<\/p><p><strong>Co\u00fbt :<\/strong>NC \u20ac ht<\/p><p><strong>Avancement :<\/strong> PC<\/p>\t\t\t\t\t<\/div>\n\t\t\t\t\t\t<\/div>\n\t\t\t\t<\/div>\n\t\t\t\t<div class=\"elementor-element elementor-element-330309c elementor-widget__width-inherit elementor-widget elementor-widget-image-gallery\" data-id=\"330309c\" data-element_type=\"widget\" data-widget_type=\"image-gallery.default\">\n\t\t\t\t<div class=\"elementor-widget-container\">\n\t\t\t\t\t<div class=\"elementor-image-gallery\">\n\t\t\t<div id='gallery-1' class='gallery galleryid-1087 gallery-columns-2 gallery-size-medium_large'><figure class='gallery-item'>\n\t\t\t<div class='gallery-icon landscape'>\n\t\t\t\t<a data-elementor-open-lightbox=\"yes\" data-elementor-lightbox-slideshow=\"330309c\" data-elementor-lightbox-title=\"Image5_001\" e-action-hash=\"#elementor-action%3Aaction%3Dlightbox%26settings%3DeyJpZCI6MTA5MSwidXJsIjoiaHR0cHM6XC9cL3lldGktYXJjaGl0ZWN0ZXMuZnJcL3dwLWNvbnRlbnRcL3VwbG9hZHNcLzIwMjJcLzA3XC9JbWFnZTVfMDAxLmpwZyIsInNsaWRlc2hvdyI6IjMzMDMwOWMifQ%3D%3D\" href='https:\/\/yeti-architectes.fr\/wp-content\/uploads\/2022\/07\/Image5_001.jpg'><img width=\"768\" height=\"432\" src=\"https:\/\/yeti-architectes.fr\/wp-content\/uploads\/2022\/07\/Image5_001-768x432.jpg\" class=\"attachment-medium_large size-medium_large\" alt=\"\" loading=\"lazy\" srcset=\"https:\/\/yeti-architectes.fr\/wp-content\/uploads\/2022\/07\/Image5_001-768x432.jpg 768w, https:\/\/yeti-architectes.fr\/wp-content\/uploads\/2022\/07\/Image5_001-300x169.jpg 300w, https:\/\/yeti-architectes.fr\/wp-content\/uploads\/2022\/07\/Image5_001-1024x576.jpg 1024w, https:\/\/yeti-architectes.fr\/wp-content\/uploads\/2022\/07\/Image5_001-1536x864.jpg 1536w, https:\/\/yeti-architectes.fr\/wp-content\/uploads\/2022\/07\/Image5_001.jpg 2000w\" sizes=\"(max-width: 768px) 100vw, 768px\" \/><\/a>\n\t\t\t<\/div><\/figure><figure class='gallery-item'>\n\t\t\t<div class='gallery-icon landscape'>\n\t\t\t\t<a data-elementor-open-lightbox=\"yes\" data-elementor-lightbox-slideshow=\"330309c\" data-elementor-lightbox-title=\"image8-4\" e-action-hash=\"#elementor-action%3Aaction%3Dlightbox%26settings%3DeyJpZCI6MTA5MiwidXJsIjoiaHR0cHM6XC9cL3lldGktYXJjaGl0ZWN0ZXMuZnJcL3dwLWNvbnRlbnRcL3VwbG9hZHNcLzIwMjJcLzA3XC9pbWFnZTgtNC5qcGciLCJzbGlkZXNob3ciOiIzMzAzMDljIn0%3D\" href='https:\/\/yeti-architectes.fr\/wp-content\/uploads\/2022\/07\/image8-4.jpg'><img width=\"768\" height=\"432\" src=\"https:\/\/yeti-architectes.fr\/wp-content\/uploads\/2022\/07\/image8-4-768x432.jpg\" class=\"attachment-medium_large size-medium_large\" alt=\"\" loading=\"lazy\" srcset=\"https:\/\/yeti-architectes.fr\/wp-content\/uploads\/2022\/07\/image8-4-768x432.jpg 768w, https:\/\/yeti-architectes.fr\/wp-content\/uploads\/2022\/07\/image8-4-300x169.jpg 300w, https:\/\/yeti-architectes.fr\/wp-content\/uploads\/2022\/07\/image8-4-1024x576.jpg 1024w, https:\/\/yeti-architectes.fr\/wp-content\/uploads\/2022\/07\/image8-4-1536x864.jpg 1536w, https:\/\/yeti-architectes.fr\/wp-content\/uploads\/2022\/07\/image8-4.jpg 2000w\" sizes=\"(max-width: 768px) 100vw, 768px\" \/><\/a>\n\t\t\t<\/div><\/figure><figure class='gallery-item'>\n\t\t\t<div class='gallery-icon landscape'>\n\t\t\t\t<a data-elementor-open-lightbox=\"yes\" data-elementor-lightbox-slideshow=\"330309c\" data-elementor-lightbox-title=\"plan masse - book-retourne\" e-action-hash=\"#elementor-action%3Aaction%3Dlightbox%26settings%3DeyJpZCI6MTExMSwidXJsIjoiaHR0cHM6XC9cL3lldGktYXJjaGl0ZWN0ZXMuZnJcL3dwLWNvbnRlbnRcL3VwbG9hZHNcLzIwMjJcLzA3XC9wbGFuLW1hc3NlLWJvb2stcmV0b3VybmUtc2NhbGVkLmpwZyIsInNsaWRlc2hvdyI6IjMzMDMwOWMifQ%3D%3D\" href='https:\/\/yeti-architectes.fr\/wp-content\/uploads\/2022\/07\/plan-masse-book-retourne-scaled.jpg'><img width=\"768\" height=\"478\" src=\"https:\/\/yeti-architectes.fr\/wp-content\/uploads\/2022\/07\/plan-masse-book-retourne-768x478.jpg\" class=\"attachment-medium_large size-medium_large\" alt=\"\" loading=\"lazy\" srcset=\"https:\/\/yeti-architectes.fr\/wp-content\/uploads\/2022\/07\/plan-masse-book-retourne-768x478.jpg 768w, https:\/\/yeti-architectes.fr\/wp-content\/uploads\/2022\/07\/plan-masse-book-retourne-300x187.jpg 300w, https:\/\/yeti-architectes.fr\/wp-content\/uploads\/2022\/07\/plan-masse-book-retourne-1024x637.jpg 1024w, https:\/\/yeti-architectes.fr\/wp-content\/uploads\/2022\/07\/plan-masse-book-retourne-1536x955.jpg 1536w, https:\/\/yeti-architectes.fr\/wp-content\/uploads\/2022\/07\/plan-masse-book-retourne-2048x1274.jpg 2048w\" sizes=\"(max-width: 768px) 100vw, 768px\" \/><\/a>\n\t\t\t<\/div><\/figure><figure class='gallery-item'>\n\t\t\t<div class='gallery-icon landscape'>\n\t\t\t\t<a data-elementor-open-lightbox=\"yes\" data-elementor-lightbox-slideshow=\"330309c\" data-elementor-lightbox-title=\"FACADE assembl\u00e9es\" e-action-hash=\"#elementor-action%3Aaction%3Dlightbox%26settings%3DeyJpZCI6MTEyMywidXJsIjoiaHR0cHM6XC9cL3lldGktYXJjaGl0ZWN0ZXMuZnJcL3dwLWNvbnRlbnRcL3VwbG9hZHNcLzIwMjJcLzA3XC9GQUNBREUtYXNzZW1ibGVlcy5qcGciLCJzbGlkZXNob3ciOiIzMzAzMDljIn0%3D\" href='https:\/\/yeti-architectes.fr\/wp-content\/uploads\/2022\/07\/FACADE-assemblees.jpg'><img width=\"768\" height=\"381\" src=\"https:\/\/yeti-architectes.fr\/wp-content\/uploads\/2022\/07\/FACADE-assemblees-768x381.jpg\" class=\"attachment-medium_large size-medium_large\" alt=\"\" loading=\"lazy\" srcset=\"https:\/\/yeti-architectes.fr\/wp-content\/uploads\/2022\/07\/FACADE-assemblees-768x381.jpg 768w, https:\/\/yeti-architectes.fr\/wp-content\/uploads\/2022\/07\/FACADE-assemblees-300x149.jpg 300w, https:\/\/yeti-architectes.fr\/wp-content\/uploads\/2022\/07\/FACADE-assemblees-1024x508.jpg 1024w, https:\/\/yeti-architectes.fr\/wp-content\/uploads\/2022\/07\/FACADE-assemblees-1536x762.jpg 1536w, https:\/\/yeti-architectes.fr\/wp-content\/uploads\/2022\/07\/FACADE-assemblees.jpg 2000w\" sizes=\"(max-width: 768px) 100vw, 768px\" \/><\/a>\n\t\t\t<\/div><\/figure>\n\t\t<\/div>\n\t\t<\/div>\n\t\t\t\t<\/div>\n\t\t\t\t<\/div>\n\t\t\t\t\t\t<\/div>\n\t\t\t\t\t<\/div>\n\t\t<\/div>\n\t\t\t\t\t\t\t\t<\/div>\n\t\t\t\t\t<\/div>\n\t\t<\/section>\n\t\t\t\t\t\t\t\t\t<\/div>\n\t\t\t<\/div>\n\t\t\t\t\t<\/div>\n\t\t","protected":false},"excerpt":{"rendered":"<p>115 logements Programme : 88 logements collectifs et 27 maisons group\u00e9es Localisation : GISORS , rue Albert Forcinal Type de commande : priv\u00e9e Ma\u00eetre d&#8217;ouvrage : BOUYGUES IMMOBILIER Surfaces logements : 4742 m\u00b2 SHAB Co\u00fbt :NC \u20ac ht Avancement : PC<\/p>\n","protected":false},"author":1,"featured_media":0,"parent":0,"menu_order":0,"comment_status":"closed","ping_status":"closed","template":"elementor_header_footer","meta":{"_mi_skip_tracking":false},"_links":{"self":[{"href":"https:\/\/yeti-architectes.fr\/index.php\/wp-json\/wp\/v2\/pages\/1087"}],"collection":[{"href":"https:\/\/yeti-architectes.fr\/index.php\/wp-json\/wp\/v2\/pages"}],"about":[{"href":"https:\/\/yeti-architectes.fr\/index.php\/wp-json\/wp\/v2\/types\/page"}],"author":[{"embeddable":true,"href":"https:\/\/yeti-architectes.fr\/index.php\/wp-json\/wp\/v2\/users\/1"}],"replies":[{"embeddable":true,"href":"https:\/\/yeti-architectes.fr\/index.php\/wp-json\/wp\/v2\/comments?post=1087"}],"version-history":[{"count":13,"href":"https:\/\/yeti-architectes.fr\/index.php\/wp-json\/wp\/v2\/pages\/1087\/revisions"}],"predecessor-version":[{"id":1291,"href":"https:\/\/yeti-architectes.fr\/index.php\/wp-json\/wp\/v2\/pages\/1087\/revisions\/1291"}],"wp:attachment":[{"href":"https:\/\/yeti-architectes.fr\/index.php\/wp-json\/wp\/v2\/media?parent=1087"}],"curies":[{"name":"wp","href":"https:\/\/api.w.org\/{rel}","templated":true}]}}