{"id":362,"date":"2019-03-29T12:22:34","date_gmt":"2019-03-29T11:22:34","guid":{"rendered":"http:\/\/yeti-architectes.fr\/?page_id=362"},"modified":"2020-01-23T15:15:14","modified_gmt":"2020-01-23T14:15:14","slug":"94-logements","status":"publish","type":"page","link":"https:\/\/yeti-architectes.fr\/index.php\/94-logements\/","title":{"rendered":"94 logements"},"content":{"rendered":"\t\t<div data-elementor-type=\"wp-post\" data-elementor-id=\"362\" class=\"elementor elementor-362\">\n\t\t\t\t\t\t<div class=\"elementor-inner\">\n\t\t\t\t<div class=\"elementor-section-wrap\">\n\t\t\t\t\t\t\t\t\t<section class=\"elementor-section elementor-top-section elementor-element elementor-element-2cd7973 elementor-section-full_width elementor-section-height-default elementor-section-height-default\" data-id=\"2cd7973\" data-element_type=\"section\">\n\t\t\t\t\t\t<div class=\"elementor-container elementor-column-gap-no\">\n\t\t\t\t\t\t\t<div class=\"elementor-row\">\n\t\t\t\t\t<div class=\"elementor-column elementor-col-100 elementor-top-column elementor-element elementor-element-c5c6cf0\" data-id=\"c5c6cf0\" data-element_type=\"column\">\n\t\t\t<div class=\"elementor-column-wrap elementor-element-populated\">\n\t\t\t\t\t\t\t<div class=\"elementor-widget-wrap\">\n\t\t\t\t\t\t<div class=\"elementor-element elementor-element-29cd298 elementor-widget elementor-widget-heading\" data-id=\"29cd298\" data-element_type=\"widget\" data-widget_type=\"heading.default\">\n\t\t\t\t<div class=\"elementor-widget-container\">\n\t\t\t<h2 class=\"elementor-heading-title elementor-size-default\">94 logements<\/h2>\t\t<\/div>\n\t\t\t\t<\/div>\n\t\t\t\t<div class=\"elementor-element elementor-element-49a7809 elementor-widget__width-inherit elementor-widget elementor-widget-image\" data-id=\"49a7809\" data-element_type=\"widget\" data-widget_type=\"image.default\">\n\t\t\t\t<div class=\"elementor-widget-container\">\n\t\t\t\t\t\t\t\t<div class=\"elementor-image\">\n\t\t\t\t\t\t\t\t\t\t\t\t<img width=\"1500\" height=\"844\" src=\"https:\/\/yeti-architectes.fr\/wp-content\/uploads\/2019\/03\/Manchon-fr\u00e8res-petite-r\u00e9solution.jpg\" class=\"attachment-1536x1536 size-1536x1536\" alt=\"\" loading=\"lazy\" srcset=\"https:\/\/yeti-architectes.fr\/wp-content\/uploads\/2019\/03\/Manchon-fr\u00e8res-petite-r\u00e9solution.jpg 1500w, https:\/\/yeti-architectes.fr\/wp-content\/uploads\/2019\/03\/Manchon-fr\u00e8res-petite-r\u00e9solution-300x169.jpg 300w, https:\/\/yeti-architectes.fr\/wp-content\/uploads\/2019\/03\/Manchon-fr\u00e8res-petite-r\u00e9solution-768x432.jpg 768w, https:\/\/yeti-architectes.fr\/wp-content\/uploads\/2019\/03\/Manchon-fr\u00e8res-petite-r\u00e9solution-1024x576.jpg 1024w\" sizes=\"(max-width: 1500px) 100vw, 1500px\" \/>\t\t\t\t\t\t\t\t\t\t\t\t\t\t<\/div>\n\t\t\t\t\t\t<\/div>\n\t\t\t\t<\/div>\n\t\t\t\t<div class=\"elementor-element elementor-element-70122b1 elementor-widget elementor-widget-text-editor\" data-id=\"70122b1\" data-element_type=\"widget\" data-widget_type=\"text-editor.default\">\n\t\t\t\t<div class=\"elementor-widget-container\">\n\t\t\t\t\t\t\t\t<div class=\"elementor-text-editor elementor-clearfix\">\n\t\t\t\t<p style=\"text-align: left;\"><strong>Programme : <\/strong>71\u00a0logements collectifs en accession, 23\u00a0logements sociaux<\/p><p><strong>Localisation :<\/strong> ROUEN, rue Manchon fr\u00e8res<\/p><p><strong>Type de commande :<\/strong> priv\u00e9e<\/p><p><strong>Ma\u00eetre d&#8217;ouvrage :<\/strong> NEXITY<\/p><p><strong>Surfaces :<\/strong> 5750 m\u00b2 SHAB<\/p><p><strong>Co\u00fbt :<\/strong> 8 399 000 \u20ac ht<\/p><p><strong>Avancement :<\/strong> chantier en cours<\/p><p>\u00a0<\/p>\t\t\t\t\t<\/div>\n\t\t\t\t\t\t<\/div>\n\t\t\t\t<\/div>\n\t\t\t\t<div class=\"elementor-element elementor-element-330309c elementor-widget__width-inherit elementor-widget elementor-widget-image-gallery\" data-id=\"330309c\" data-element_type=\"widget\" data-widget_type=\"image-gallery.default\">\n\t\t\t\t<div class=\"elementor-widget-container\">\n\t\t\t\t\t<div class=\"elementor-image-gallery\">\n\t\t\t<div id='gallery-1' class='gallery galleryid-362 gallery-columns-2 gallery-size-medium_large'><figure class='gallery-item'>\n\t\t\t<div class='gallery-icon landscape'>\n\t\t\t\t<a data-elementor-open-lightbox=\"yes\" data-elementor-lightbox-slideshow=\"330309c\" data-elementor-lightbox-title=\"plan de masse 94 logements\" e-action-hash=\"#elementor-action%3Aaction%3Dlightbox%26settings%3DeyJpZCI6MTE2LCJ1cmwiOiJodHRwczpcL1wveWV0aS1hcmNoaXRlY3Rlcy5mclwvd3AtY29udGVudFwvdXBsb2Fkc1wvMjAxOVwvMDNcL3BsYW4tZGUtbWFzc2UtOTQtbG9nZW1lbnRzLTAxLmpwZyIsInNsaWRlc2hvdyI6IjMzMDMwOWMifQ%3D%3D\" href='https:\/\/yeti-architectes.fr\/wp-content\/uploads\/2019\/03\/plan-de-masse-94-logements-01.jpg'><img width=\"768\" height=\"762\" src=\"https:\/\/yeti-architectes.fr\/wp-content\/uploads\/2019\/03\/plan-de-masse-94-logements-01-768x762.jpg\" class=\"attachment-medium_large size-medium_large\" alt=\"\" loading=\"lazy\" srcset=\"https:\/\/yeti-architectes.fr\/wp-content\/uploads\/2019\/03\/plan-de-masse-94-logements-01-768x762.jpg 768w, https:\/\/yeti-architectes.fr\/wp-content\/uploads\/2019\/03\/plan-de-masse-94-logements-01-150x150.jpg 150w, https:\/\/yeti-architectes.fr\/wp-content\/uploads\/2019\/03\/plan-de-masse-94-logements-01-300x298.jpg 300w, https:\/\/yeti-architectes.fr\/wp-content\/uploads\/2019\/03\/plan-de-masse-94-logements-01-1024x1016.jpg 1024w, https:\/\/yeti-architectes.fr\/wp-content\/uploads\/2019\/03\/plan-de-masse-94-logements-01.jpg 1500w\" sizes=\"(max-width: 768px) 100vw, 768px\" \/><\/a>\n\t\t\t<\/div><\/figure><figure class='gallery-item'>\n\t\t\t<div class='gallery-icon landscape'>\n\t\t\t\t<a data-elementor-open-lightbox=\"yes\" data-elementor-lightbox-slideshow=\"330309c\" data-elementor-lightbox-title=\"Sch\u00e9mas 94 logements - Programme-01\" e-action-hash=\"#elementor-action%3Aaction%3Dlightbox%26settings%3DeyJpZCI6MTE5LCJ1cmwiOiJodHRwczpcL1wveWV0aS1hcmNoaXRlY3Rlcy5mclwvd3AtY29udGVudFwvdXBsb2Fkc1wvMjAxOVwvMDNcL1NjaFx1MDBlOW1hcy05NC1sb2dlbWVudHMtUHJvZ3JhbW1lLTAxLmpwZyIsInNsaWRlc2hvdyI6IjMzMDMwOWMifQ%3D%3D\" href='https:\/\/yeti-architectes.fr\/wp-content\/uploads\/2019\/03\/Sch\u00e9mas-94-logements-Programme-01.jpg'><img width=\"768\" height=\"482\" src=\"https:\/\/yeti-architectes.fr\/wp-content\/uploads\/2019\/03\/Sch\u00e9mas-94-logements-Programme-01-768x482.jpg\" class=\"attachment-medium_large size-medium_large\" alt=\"\" loading=\"lazy\" srcset=\"https:\/\/yeti-architectes.fr\/wp-content\/uploads\/2019\/03\/Sch\u00e9mas-94-logements-Programme-01-768x482.jpg 768w, https:\/\/yeti-architectes.fr\/wp-content\/uploads\/2019\/03\/Sch\u00e9mas-94-logements-Programme-01-300x188.jpg 300w, https:\/\/yeti-architectes.fr\/wp-content\/uploads\/2019\/03\/Sch\u00e9mas-94-logements-Programme-01.jpg 993w\" sizes=\"(max-width: 768px) 100vw, 768px\" \/><\/a>\n\t\t\t<\/div><\/figure><figure class='gallery-item'>\n\t\t\t<div class='gallery-icon landscape'>\n\t\t\t\t<a data-elementor-open-lightbox=\"yes\" data-elementor-lightbox-slideshow=\"330309c\" data-elementor-lightbox-title=\"Sch\u00e9mas 94 logements - Espaces ext\u00e9rieurs-01-01\" e-action-hash=\"#elementor-action%3Aaction%3Dlightbox%26settings%3DeyJpZCI6MTE4LCJ1cmwiOiJodHRwczpcL1wveWV0aS1hcmNoaXRlY3Rlcy5mclwvd3AtY29udGVudFwvdXBsb2Fkc1wvMjAxOVwvMDNcL1NjaFx1MDBlOW1hcy05NC1sb2dlbWVudHMtRXNwYWNlcy1leHRcdTAwZTlyaWV1cnMtMDEtMDEuanBnIiwic2xpZGVzaG93IjoiMzMwMzA5YyJ9\" href='https:\/\/yeti-architectes.fr\/wp-content\/uploads\/2019\/03\/Sch\u00e9mas-94-logements-Espaces-ext\u00e9rieurs-01-01.jpg'><img width=\"768\" height=\"481\" src=\"https:\/\/yeti-architectes.fr\/wp-content\/uploads\/2019\/03\/Sch\u00e9mas-94-logements-Espaces-ext\u00e9rieurs-01-01-768x481.jpg\" class=\"attachment-medium_large size-medium_large\" alt=\"\" loading=\"lazy\" srcset=\"https:\/\/yeti-architectes.fr\/wp-content\/uploads\/2019\/03\/Sch\u00e9mas-94-logements-Espaces-ext\u00e9rieurs-01-01-768x481.jpg 768w, https:\/\/yeti-architectes.fr\/wp-content\/uploads\/2019\/03\/Sch\u00e9mas-94-logements-Espaces-ext\u00e9rieurs-01-01-300x188.jpg 300w, https:\/\/yeti-architectes.fr\/wp-content\/uploads\/2019\/03\/Sch\u00e9mas-94-logements-Espaces-ext\u00e9rieurs-01-01.jpg 997w\" sizes=\"(max-width: 768px) 100vw, 768px\" \/><\/a>\n\t\t\t<\/div><\/figure><figure class='gallery-item'>\n\t\t\t<div class='gallery-icon landscape'>\n\t\t\t\t<a data-elementor-open-lightbox=\"yes\" data-elementor-lightbox-slideshow=\"330309c\" data-elementor-lightbox-title=\"Sch\u00e9mas 94 logements - Batiment et contexte-01\" e-action-hash=\"#elementor-action%3Aaction%3Dlightbox%26settings%3DeyJpZCI6MTE3LCJ1cmwiOiJodHRwczpcL1wveWV0aS1hcmNoaXRlY3Rlcy5mclwvd3AtY29udGVudFwvdXBsb2Fkc1wvMjAxOVwvMDNcL1NjaFx1MDBlOW1hcy05NC1sb2dlbWVudHMtQmF0aW1lbnQtZXQtY29udGV4dGUtMDEuanBnIiwic2xpZGVzaG93IjoiMzMwMzA5YyJ9\" href='https:\/\/yeti-architectes.fr\/wp-content\/uploads\/2019\/03\/Sch\u00e9mas-94-logements-Batiment-et-contexte-01.jpg'><img width=\"768\" height=\"484\" src=\"https:\/\/yeti-architectes.fr\/wp-content\/uploads\/2019\/03\/Sch\u00e9mas-94-logements-Batiment-et-contexte-01-768x484.jpg\" class=\"attachment-medium_large size-medium_large\" alt=\"\" loading=\"lazy\" srcset=\"https:\/\/yeti-architectes.fr\/wp-content\/uploads\/2019\/03\/Sch\u00e9mas-94-logements-Batiment-et-contexte-01-768x484.jpg 768w, https:\/\/yeti-architectes.fr\/wp-content\/uploads\/2019\/03\/Sch\u00e9mas-94-logements-Batiment-et-contexte-01-300x189.jpg 300w, https:\/\/yeti-architectes.fr\/wp-content\/uploads\/2019\/03\/Sch\u00e9mas-94-logements-Batiment-et-contexte-01.jpg 989w\" sizes=\"(max-width: 768px) 100vw, 768px\" \/><\/a>\n\t\t\t<\/div><\/figure>\n\t\t<\/div>\n\t\t<\/div>\n\t\t\t\t<\/div>\n\t\t\t\t<\/div>\n\t\t\t\t\t\t<\/div>\n\t\t\t\t\t<\/div>\n\t\t<\/div>\n\t\t\t\t\t\t\t\t<\/div>\n\t\t\t\t\t<\/div>\n\t\t<\/section>\n\t\t\t\t\t\t\t\t\t<\/div>\n\t\t\t<\/div>\n\t\t\t\t\t<\/div>\n\t\t","protected":false},"excerpt":{"rendered":"<p>94 logements Programme : 71\u00a0logements collectifs en accession, 23\u00a0logements sociaux Localisation : ROUEN, rue Manchon fr\u00e8res Type de commande : priv\u00e9e Ma\u00eetre d&#8217;ouvrage : NEXITY Surfaces : 5750 m\u00b2 SHAB Co\u00fbt : 8 399 000 \u20ac ht Avancement : chantier en cours \u00a0<\/p>\n","protected":false},"author":1,"featured_media":0,"parent":0,"menu_order":0,"comment_status":"closed","ping_status":"closed","template":"elementor_header_footer","meta":{"_mi_skip_tracking":false},"_links":{"self":[{"href":"https:\/\/yeti-architectes.fr\/index.php\/wp-json\/wp\/v2\/pages\/362"}],"collection":[{"href":"https:\/\/yeti-architectes.fr\/index.php\/wp-json\/wp\/v2\/pages"}],"about":[{"href":"https:\/\/yeti-architectes.fr\/index.php\/wp-json\/wp\/v2\/types\/page"}],"author":[{"embeddable":true,"href":"https:\/\/yeti-architectes.fr\/index.php\/wp-json\/wp\/v2\/users\/1"}],"replies":[{"embeddable":true,"href":"https:\/\/yeti-architectes.fr\/index.php\/wp-json\/wp\/v2\/comments?post=362"}],"version-history":[{"count":38,"href":"https:\/\/yeti-architectes.fr\/index.php\/wp-json\/wp\/v2\/pages\/362\/revisions"}],"predecessor-version":[{"id":691,"href":"https:\/\/yeti-architectes.fr\/index.php\/wp-json\/wp\/v2\/pages\/362\/revisions\/691"}],"wp:attachment":[{"href":"https:\/\/yeti-architectes.fr\/index.php\/wp-json\/wp\/v2\/media?parent=362"}],"curies":[{"name":"wp","href":"https:\/\/api.w.org\/{rel}","templated":true}]}}