{"id":419,"date":"2019-03-29T16:18:55","date_gmt":"2019-03-29T15:18:55","guid":{"rendered":"http:\/\/yeti-architectes.fr\/?page_id=419"},"modified":"2022-07-13T16:36:40","modified_gmt":"2022-07-13T14:36:40","slug":"agence","status":"publish","type":"page","link":"https:\/\/yeti-architectes.fr\/index.php\/accueil\/agence\/","title":{"rendered":"Agence"},"content":{"rendered":"\t\t<div data-elementor-type=\"wp-page\" data-elementor-id=\"419\" class=\"elementor elementor-419\">\n\t\t\t\t\t\t<div class=\"elementor-inner\">\n\t\t\t\t<div class=\"elementor-section-wrap\">\n\t\t\t\t\t\t\t\t\t<section class=\"elementor-section elementor-top-section elementor-element elementor-element-40b79c5 elementor-section-boxed elementor-section-height-default elementor-section-height-default\" data-id=\"40b79c5\" data-element_type=\"section\">\n\t\t\t\t\t\t<div class=\"elementor-container elementor-column-gap-default\">\n\t\t\t\t\t\t\t<div class=\"elementor-row\">\n\t\t\t\t\t<div class=\"elementor-column elementor-col-100 elementor-top-column elementor-element elementor-element-f085d26\" data-id=\"f085d26\" data-element_type=\"column\">\n\t\t\t<div class=\"elementor-column-wrap elementor-element-populated\">\n\t\t\t\t\t\t\t<div class=\"elementor-widget-wrap\">\n\t\t\t\t\t\t<div class=\"elementor-element elementor-element-a7f8a22 elementor-widget elementor-widget-text-editor\" data-id=\"a7f8a22\" data-element_type=\"widget\" data-widget_type=\"text-editor.default\">\n\t\t\t\t<div class=\"elementor-widget-container\">\n\t\t\t\t\t\t\t\t<div class=\"elementor-text-editor elementor-clearfix\">\n\t\t\t\t<p><strong><span style=\"color: #ff0000;\">YETI<\/span><\/strong> est une agence d\u2019architecture implant\u00e9e \u00e0 Rouen qui travaille sur l\u2019ensemble du territoire normand, aussi bien sur des march\u00e9s publics que priv\u00e9s.<\/p>\n<p>Fond\u00e9e en 2015, sous le patronyme de <strong><span style=\"color: #67a191;\">MIGAS<\/span><\/strong>, elle devient <strong><span style=\"color: #ff0000;\">YETI<\/span><\/strong>.&nbsp;<span style=\"color: var( --e-global-color-text ); font-family: var( --e-global-typography-text-font-family ), Sans-serif;\">Le dirigeant actuel de <\/span><strong style=\"color: var( --e-global-color-text ); font-family: var( --e-global-typography-text-font-family ), Sans-serif;\"><span style=\"color: #ff0000;\">YETI<\/span><\/strong><span style=\"color: var( --e-global-color-text ); font-family: var( --e-global-typography-text-font-family ), Sans-serif;\">, est Samuel Viard.<\/span><\/p>\n<p><strong><span style=\"color: #ff0000;\">YETI<\/span><\/strong> se pr\u00e9sente comme \u00abarchitecte g\u00e9n\u00e9raliste\u00bb, s\u2019int\u00e9ressant tout particuli\u00e8rement \u00e0 l\u2019habitat sous toutes ses formes. Son approche est bas\u00e9e sur la prise en compte des r\u00e9alit\u00e9s physiques et sociales pour l\u2019\u00e9laboration du projet : le contexte.<\/p>\n<p><strong><span style=\"color: #ff0000;\">YETI<\/span><\/strong> participe \u00e0 la conception du projet avec une vision d\u2019\u00e9quipe, accordant une importance primordiale au dialogue, afin de proposer des projets dont la qualit\u00e9 d\u2019usage, environnementale et \u00e9nerg\u00e9tique priment.<\/p>\n<p>Ces \u00e9changes permanents, bas\u00e9s sur des relations de confiance, n\u00e9s de l\u2019\u00e9coute et de la compr\u00e9hension dans la recherche commune des meilleures solutions, sont les garants d\u2019une r\u00e9alisation de projet correspondant aux attentes du ma\u00eetre d\u2019ouvrage et aux utilisateurs.<\/p>\n<p>Fort de l\u2019exp\u00e9rience de ses membres form\u00e9s au technique du projet BIM,&nbsp;<strong><span style=\"color: rgb(255, 0, 0);\">YETI&nbsp;<\/span><\/strong>appr\u00e9hende les projets de conception et de gestion de b\u00e2timents de mani\u00e8re globale d\u00e8s les phases esquisse.<\/p><div><br><\/div>\t\t\t\t\t<\/div>\n\t\t\t\t\t\t<\/div>\n\t\t\t\t<\/div>\n\t\t\t\t\t\t<\/div>\n\t\t\t\t\t<\/div>\n\t\t<\/div>\n\t\t\t\t\t\t\t\t<\/div>\n\t\t\t\t\t<\/div>\n\t\t<\/section>\n\t\t\t\t\t\t\t\t\t<\/div>\n\t\t\t<\/div>\n\t\t\t\t\t<\/div>\n\t\t","protected":false},"excerpt":{"rendered":"<p>YETI est une agence d\u2019architecture implant\u00e9e \u00e0 Rouen qui travaille sur l\u2019ensemble du territoire normand, aussi bien sur des march\u00e9s publics que priv\u00e9s. Fond\u00e9e en 2015, sous le patronyme de MIGAS, elle devient YETI.&nbsp;Le dirigeant actuel de YETI, est Samuel Viard. YETI se pr\u00e9sente comme \u00abarchitecte g\u00e9n\u00e9raliste\u00bb, s\u2019int\u00e9ressant tout particuli\u00e8rement \u00e0 l\u2019habitat sous toutes ses<\/p>\n<div><a class=\"btn-filled btn\" href=\"https:\/\/yeti-architectes.fr\/index.php\/accueil\/agence\/\" title=\"Agence\">Read More<\/a><\/div>\n","protected":false},"author":1,"featured_media":0,"parent":7,"menu_order":0,"comment_status":"closed","ping_status":"closed","template":"","meta":{"_mi_skip_tracking":false},"_links":{"self":[{"href":"https:\/\/yeti-architectes.fr\/index.php\/wp-json\/wp\/v2\/pages\/419"}],"collection":[{"href":"https:\/\/yeti-architectes.fr\/index.php\/wp-json\/wp\/v2\/pages"}],"about":[{"href":"https:\/\/yeti-architectes.fr\/index.php\/wp-json\/wp\/v2\/types\/page"}],"author":[{"embeddable":true,"href":"https:\/\/yeti-architectes.fr\/index.php\/wp-json\/wp\/v2\/users\/1"}],"replies":[{"embeddable":true,"href":"https:\/\/yeti-architectes.fr\/index.php\/wp-json\/wp\/v2\/comments?post=419"}],"version-history":[{"count":10,"href":"https:\/\/yeti-architectes.fr\/index.php\/wp-json\/wp\/v2\/pages\/419\/revisions"}],"predecessor-version":[{"id":1106,"href":"https:\/\/yeti-architectes.fr\/index.php\/wp-json\/wp\/v2\/pages\/419\/revisions\/1106"}],"up":[{"embeddable":true,"href":"https:\/\/yeti-architectes.fr\/index.php\/wp-json\/wp\/v2\/pages\/7"}],"wp:attachment":[{"href":"https:\/\/yeti-architectes.fr\/index.php\/wp-json\/wp\/v2\/media?parent=419"}],"curies":[{"name":"wp","href":"https:\/\/api.w.org\/{rel}","templated":true}]}}