{"id":439,"date":"2019-04-01T10:36:42","date_gmt":"2019-04-01T08:36:42","guid":{"rendered":"http:\/\/yeti-architectes.fr\/?page_id=439"},"modified":"2022-07-13T15:53:46","modified_gmt":"2022-07-13T13:53:46","slug":"logements-creche","status":"publish","type":"page","link":"https:\/\/yeti-architectes.fr\/index.php\/logements-creche\/","title":{"rendered":"logements + cr\u00e8che"},"content":{"rendered":"\t\t<div data-elementor-type=\"wp-post\" data-elementor-id=\"439\" class=\"elementor elementor-439\">\n\t\t\t\t\t\t<div class=\"elementor-inner\">\n\t\t\t\t<div class=\"elementor-section-wrap\">\n\t\t\t\t\t\t\t\t\t<section class=\"elementor-section elementor-top-section elementor-element elementor-element-2cd7973 elementor-section-full_width elementor-section-height-default elementor-section-height-default\" data-id=\"2cd7973\" data-element_type=\"section\">\n\t\t\t\t\t\t<div class=\"elementor-container elementor-column-gap-no\">\n\t\t\t\t\t\t\t<div class=\"elementor-row\">\n\t\t\t\t\t<div class=\"elementor-column elementor-col-100 elementor-top-column elementor-element elementor-element-c5c6cf0\" data-id=\"c5c6cf0\" data-element_type=\"column\">\n\t\t\t<div class=\"elementor-column-wrap elementor-element-populated\">\n\t\t\t\t\t\t\t<div class=\"elementor-widget-wrap\">\n\t\t\t\t\t\t<div class=\"elementor-element elementor-element-29cd298 elementor-widget elementor-widget-heading\" data-id=\"29cd298\" data-element_type=\"widget\" data-widget_type=\"heading.default\">\n\t\t\t\t<div class=\"elementor-widget-container\">\n\t\t\t<h2 class=\"elementor-heading-title elementor-size-default\">32 logements + une cr\u00e8che<\/h2>\t\t<\/div>\n\t\t\t\t<\/div>\n\t\t\t\t<div class=\"elementor-element elementor-element-49a7809 elementor-widget__width-inherit elementor-widget elementor-widget-image\" data-id=\"49a7809\" data-element_type=\"widget\" data-widget_type=\"image.default\">\n\t\t\t\t<div class=\"elementor-widget-container\">\n\t\t\t\t\t\t\t\t<div class=\"elementor-image\">\n\t\t\t\t\t\t\t\t\t\t\t\t<img src=\"http:\/\/yeti-architectes.fr\/wp-content\/uploads\/2019\/04\/perspective-avant.jpg\" title=\"\" alt=\"\" \/>\t\t\t\t\t\t\t\t\t\t\t\t\t\t<\/div>\n\t\t\t\t\t\t<\/div>\n\t\t\t\t<\/div>\n\t\t\t\t<div class=\"elementor-element elementor-element-70122b1 elementor-widget elementor-widget-text-editor\" data-id=\"70122b1\" data-element_type=\"widget\" data-widget_type=\"text-editor.default\">\n\t\t\t\t<div class=\"elementor-widget-container\">\n\t\t\t\t\t\t\t\t<div class=\"elementor-text-editor elementor-clearfix\">\n\t\t\t\t<p style=\"text-align: left;\"><strong>Programme : <\/strong>32 logements sociaux et une cr\u00e8che<\/p><p><strong>Localisation :<\/strong> MONTVILLE, rue Andr\u00e9 Martin<\/p><p><strong>Type de commande :<\/strong> publique<\/p><p><strong>Ma\u00eetre d&#8217;ouvrage :<\/strong> HABITAT 76<\/p><p><strong>Surfaces logements :<\/strong> 1976 m\u00b2 SHAB<\/p><p><strong>Surface cr\u00e8che :<\/strong> 160 m\u00b2<\/p><p><strong>Co\u00fbt :<\/strong> 4 570 000 \u20ac ht<\/p><p><strong>Avancement :<\/strong> concours conception r\u00e9alisation &#8211; entreprise mandataire associ\u00e9e <strong>Bouygues construction<\/strong><\/p>\t\t\t\t\t<\/div>\n\t\t\t\t\t\t<\/div>\n\t\t\t\t<\/div>\n\t\t\t\t<div class=\"elementor-element elementor-element-330309c elementor-widget__width-inherit elementor-widget elementor-widget-image-gallery\" data-id=\"330309c\" data-element_type=\"widget\" data-widget_type=\"image-gallery.default\">\n\t\t\t\t<div class=\"elementor-widget-container\">\n\t\t\t\t\t<div class=\"elementor-image-gallery\">\n\t\t\t<div id='gallery-1' class='gallery galleryid-439 gallery-columns-2 gallery-size-medium_large'><figure class='gallery-item'>\n\t\t\t<div class='gallery-icon landscape'>\n\t\t\t\t<a data-elementor-open-lightbox=\"yes\" data-elementor-lightbox-slideshow=\"330309c\" data-elementor-lightbox-title=\"Sch\u00e9mas  montville\" e-action-hash=\"#elementor-action%3Aaction%3Dlightbox%26settings%3DeyJpZCI6NDQ1LCJ1cmwiOiJodHRwczpcL1wveWV0aS1hcmNoaXRlY3Rlcy5mclwvd3AtY29udGVudFwvdXBsb2Fkc1wvMjAxOVwvMDRcL1BlcnNwZWN0aXZlcy1tb250dmlsbGUuanBnIiwic2xpZGVzaG93IjoiMzMwMzA5YyJ9\" href='https:\/\/yeti-architectes.fr\/wp-content\/uploads\/2019\/04\/Perspectives-montville.jpg'><img width=\"768\" height=\"461\" src=\"https:\/\/yeti-architectes.fr\/wp-content\/uploads\/2019\/04\/Perspectives-montville-768x461.jpg\" class=\"attachment-medium_large size-medium_large\" alt=\"\" loading=\"lazy\" srcset=\"https:\/\/yeti-architectes.fr\/wp-content\/uploads\/2019\/04\/Perspectives-montville-768x461.jpg 768w, https:\/\/yeti-architectes.fr\/wp-content\/uploads\/2019\/04\/Perspectives-montville-300x180.jpg 300w, https:\/\/yeti-architectes.fr\/wp-content\/uploads\/2019\/04\/Perspectives-montville-1024x615.jpg 1024w, https:\/\/yeti-architectes.fr\/wp-content\/uploads\/2019\/04\/Perspectives-montville.jpg 1103w\" sizes=\"(max-width: 768px) 100vw, 768px\" \/><\/a>\n\t\t\t<\/div><\/figure><figure class='gallery-item'>\n\t\t\t<div class='gallery-icon landscape'>\n\t\t\t\t<a data-elementor-open-lightbox=\"yes\" data-elementor-lightbox-slideshow=\"330309c\" data-elementor-lightbox-title=\"C:UserssamuelDocuments32lgts + creche - Montville 08-03-16_m\" e-action-hash=\"#elementor-action%3Aaction%3Dlightbox%26settings%3DeyJpZCI6NTI5LCJ1cmwiOiJodHRwczpcL1wveWV0aS1hcmNoaXRlY3Rlcy5mclwvd3AtY29udGVudFwvdXBsb2Fkc1wvMjAxOVwvMDRcL3BlcnNwZWN0aXZlLUIuanBnIiwic2xpZGVzaG93IjoiMzMwMzA5YyJ9\" href='https:\/\/yeti-architectes.fr\/wp-content\/uploads\/2019\/04\/perspective-B.jpg'><img width=\"768\" height=\"491\" src=\"https:\/\/yeti-architectes.fr\/wp-content\/uploads\/2019\/04\/perspective-B-768x491.jpg\" class=\"attachment-medium_large size-medium_large\" alt=\"\" loading=\"lazy\" srcset=\"https:\/\/yeti-architectes.fr\/wp-content\/uploads\/2019\/04\/perspective-B-768x491.jpg 768w, https:\/\/yeti-architectes.fr\/wp-content\/uploads\/2019\/04\/perspective-B-300x192.jpg 300w, https:\/\/yeti-architectes.fr\/wp-content\/uploads\/2019\/04\/perspective-B-1024x655.jpg 1024w\" sizes=\"(max-width: 768px) 100vw, 768px\" \/><\/a>\n\t\t\t<\/div><\/figure><figure class='gallery-item'>\n\t\t\t<div class='gallery-icon landscape'>\n\t\t\t\t<a data-elementor-open-lightbox=\"yes\" data-elementor-lightbox-slideshow=\"330309c\" data-elementor-lightbox-title=\"Sch\u00e9mas  montville\" e-action-hash=\"#elementor-action%3Aaction%3Dlightbox%26settings%3DeyJpZCI6NDQ2LCJ1cmwiOiJodHRwczpcL1wveWV0aS1hcmNoaXRlY3Rlcy5mclwvd3AtY29udGVudFwvdXBsb2Fkc1wvMjAxOVwvMDRcL3BsYW4tZGUtbWFzc2UuanBnIiwic2xpZGVzaG93IjoiMzMwMzA5YyJ9\" href='https:\/\/yeti-architectes.fr\/wp-content\/uploads\/2019\/04\/plan-de-masse.jpg'><img width=\"768\" height=\"461\" src=\"https:\/\/yeti-architectes.fr\/wp-content\/uploads\/2019\/04\/plan-de-masse-768x461.jpg\" class=\"attachment-medium_large size-medium_large\" alt=\"\" loading=\"lazy\" srcset=\"https:\/\/yeti-architectes.fr\/wp-content\/uploads\/2019\/04\/plan-de-masse-768x461.jpg 768w, https:\/\/yeti-architectes.fr\/wp-content\/uploads\/2019\/04\/plan-de-masse-300x180.jpg 300w, https:\/\/yeti-architectes.fr\/wp-content\/uploads\/2019\/04\/plan-de-masse-1024x615.jpg 1024w, https:\/\/yeti-architectes.fr\/wp-content\/uploads\/2019\/04\/plan-de-masse.jpg 1103w\" sizes=\"(max-width: 768px) 100vw, 768px\" \/><\/a>\n\t\t\t<\/div><\/figure><figure class='gallery-item'>\n\t\t\t<div class='gallery-icon landscape'>\n\t\t\t\t<a data-elementor-open-lightbox=\"yes\" data-elementor-lightbox-slideshow=\"330309c\" data-elementor-lightbox-title=\"Sch\u00e9mas  montville\" e-action-hash=\"#elementor-action%3Aaction%3Dlightbox%26settings%3DeyJpZCI6NDQ5LCJ1cmwiOiJodHRwczpcL1wveWV0aS1hcmNoaXRlY3Rlcy5mclwvd3AtY29udGVudFwvdXBsb2Fkc1wvMjAxOVwvMDRcL1NjaFx1MDBlOW1hcy1tb250dmlsbGUtcHJvZ3JhbW1lLmpwZyIsInNsaWRlc2hvdyI6IjMzMDMwOWMifQ%3D%3D\" href='https:\/\/yeti-architectes.fr\/wp-content\/uploads\/2019\/04\/Sch\u00e9mas-montville-programme.jpg'><img width=\"768\" height=\"461\" src=\"https:\/\/yeti-architectes.fr\/wp-content\/uploads\/2019\/04\/Sch\u00e9mas-montville-programme-768x461.jpg\" class=\"attachment-medium_large size-medium_large\" alt=\"\" loading=\"lazy\" srcset=\"https:\/\/yeti-architectes.fr\/wp-content\/uploads\/2019\/04\/Sch\u00e9mas-montville-programme-768x461.jpg 768w, https:\/\/yeti-architectes.fr\/wp-content\/uploads\/2019\/04\/Sch\u00e9mas-montville-programme-300x180.jpg 300w, https:\/\/yeti-architectes.fr\/wp-content\/uploads\/2019\/04\/Sch\u00e9mas-montville-programme-1024x614.jpg 1024w, https:\/\/yeti-architectes.fr\/wp-content\/uploads\/2019\/04\/Sch\u00e9mas-montville-programme.jpg 1104w\" sizes=\"(max-width: 768px) 100vw, 768px\" \/><\/a>\n\t\t\t<\/div><\/figure><figure class='gallery-item'>\n\t\t\t<div class='gallery-icon landscape'>\n\t\t\t\t<a data-elementor-open-lightbox=\"yes\" data-elementor-lightbox-slideshow=\"330309c\" data-elementor-lightbox-title=\"Sch\u00e9mas  montville\" e-action-hash=\"#elementor-action%3Aaction%3Dlightbox%26settings%3DeyJpZCI6NDQ4LCJ1cmwiOiJodHRwczpcL1wveWV0aS1hcmNoaXRlY3Rlcy5mclwvd3AtY29udGVudFwvdXBsb2Fkc1wvMjAxOVwvMDRcL1NjaFx1MDBlOW1hcy1tb250dmlsbGUtZXNwYWNlcy1leHRlX1BsYW4tZGUtdHJhdmFpbC1zY2hcdTAwZTltYS0xLmpwZyIsInNsaWRlc2hvdyI6IjMzMDMwOWMifQ%3D%3D\" href='https:\/\/yeti-architectes.fr\/wp-content\/uploads\/2019\/04\/Sch\u00e9mas-montville-espaces-exte_Plan-de-travail-sch\u00e9ma-1.jpg'><img width=\"768\" height=\"461\" src=\"https:\/\/yeti-architectes.fr\/wp-content\/uploads\/2019\/04\/Sch\u00e9mas-montville-espaces-exte_Plan-de-travail-sch\u00e9ma-1-768x461.jpg\" class=\"attachment-medium_large size-medium_large\" alt=\"\" loading=\"lazy\" srcset=\"https:\/\/yeti-architectes.fr\/wp-content\/uploads\/2019\/04\/Sch\u00e9mas-montville-espaces-exte_Plan-de-travail-sch\u00e9ma-1-768x461.jpg 768w, https:\/\/yeti-architectes.fr\/wp-content\/uploads\/2019\/04\/Sch\u00e9mas-montville-espaces-exte_Plan-de-travail-sch\u00e9ma-1-300x180.jpg 300w, https:\/\/yeti-architectes.fr\/wp-content\/uploads\/2019\/04\/Sch\u00e9mas-montville-espaces-exte_Plan-de-travail-sch\u00e9ma-1-1024x615.jpg 1024w, https:\/\/yeti-architectes.fr\/wp-content\/uploads\/2019\/04\/Sch\u00e9mas-montville-espaces-exte_Plan-de-travail-sch\u00e9ma-1.jpg 1103w\" sizes=\"(max-width: 768px) 100vw, 768px\" \/><\/a>\n\t\t\t<\/div><\/figure><figure class='gallery-item'>\n\t\t\t<div class='gallery-icon landscape'>\n\t\t\t\t<a data-elementor-open-lightbox=\"yes\" data-elementor-lightbox-slideshow=\"330309c\" data-elementor-lightbox-title=\"Sch\u00e9mas  montville\" e-action-hash=\"#elementor-action%3Aaction%3Dlightbox%26settings%3DeyJpZCI6NDQ3LCJ1cmwiOiJodHRwczpcL1wveWV0aS1hcmNoaXRlY3Rlcy5mclwvd3AtY29udGVudFwvdXBsb2Fkc1wvMjAxOVwvMDRcL1NjaFx1MDBlOW1hcy1tb250dmlsbGUtY29udGV4dGUuanBnIiwic2xpZGVzaG93IjoiMzMwMzA5YyJ9\" href='https:\/\/yeti-architectes.fr\/wp-content\/uploads\/2019\/04\/Sch\u00e9mas-montville-contexte.jpg'><img width=\"768\" height=\"462\" src=\"https:\/\/yeti-architectes.fr\/wp-content\/uploads\/2019\/04\/Sch\u00e9mas-montville-contexte-768x462.jpg\" class=\"attachment-medium_large size-medium_large\" alt=\"\" loading=\"lazy\" srcset=\"https:\/\/yeti-architectes.fr\/wp-content\/uploads\/2019\/04\/Sch\u00e9mas-montville-contexte-768x462.jpg 768w, https:\/\/yeti-architectes.fr\/wp-content\/uploads\/2019\/04\/Sch\u00e9mas-montville-contexte-300x180.jpg 300w, https:\/\/yeti-architectes.fr\/wp-content\/uploads\/2019\/04\/Sch\u00e9mas-montville-contexte-1024x616.jpg 1024w, https:\/\/yeti-architectes.fr\/wp-content\/uploads\/2019\/04\/Sch\u00e9mas-montville-contexte.jpg 1101w\" sizes=\"(max-width: 768px) 100vw, 768px\" \/><\/a>\n\t\t\t<\/div><\/figure>\n\t\t<\/div>\n\t\t<\/div>\n\t\t\t\t<\/div>\n\t\t\t\t<\/div>\n\t\t\t\t\t\t<\/div>\n\t\t\t\t\t<\/div>\n\t\t<\/div>\n\t\t\t\t\t\t\t\t<\/div>\n\t\t\t\t\t<\/div>\n\t\t<\/section>\n\t\t\t\t\t\t\t\t\t<\/div>\n\t\t\t<\/div>\n\t\t\t\t\t<\/div>\n\t\t","protected":false},"excerpt":{"rendered":"<p>32 logements + une cr\u00e8che Programme : 32 logements sociaux et une cr\u00e8che Localisation : MONTVILLE, rue Andr\u00e9 Martin Type de commande : publique Ma\u00eetre d&#8217;ouvrage : HABITAT 76 Surfaces logements : 1976 m\u00b2 SHAB Surface cr\u00e8che : 160 m\u00b2 Co\u00fbt : 4 570 000 \u20ac ht Avancement : concours conception r\u00e9alisation &#8211; entreprise mandataire<\/p>\n<div><a class=\"btn-filled btn\" href=\"https:\/\/yeti-architectes.fr\/index.php\/logements-creche\/\" title=\"logements + cr\u00e8che\">Read More<\/a><\/div>\n","protected":false},"author":1,"featured_media":0,"parent":0,"menu_order":0,"comment_status":"closed","ping_status":"closed","template":"elementor_header_footer","meta":{"_mi_skip_tracking":false},"_links":{"self":[{"href":"https:\/\/yeti-architectes.fr\/index.php\/wp-json\/wp\/v2\/pages\/439"}],"collection":[{"href":"https:\/\/yeti-architectes.fr\/index.php\/wp-json\/wp\/v2\/pages"}],"about":[{"href":"https:\/\/yeti-architectes.fr\/index.php\/wp-json\/wp\/v2\/types\/page"}],"author":[{"embeddable":true,"href":"https:\/\/yeti-architectes.fr\/index.php\/wp-json\/wp\/v2\/users\/1"}],"replies":[{"embeddable":true,"href":"https:\/\/yeti-architectes.fr\/index.php\/wp-json\/wp\/v2\/comments?post=439"}],"version-history":[{"count":12,"href":"https:\/\/yeti-architectes.fr\/index.php\/wp-json\/wp\/v2\/pages\/439\/revisions"}],"predecessor-version":[{"id":1053,"href":"https:\/\/yeti-architectes.fr\/index.php\/wp-json\/wp\/v2\/pages\/439\/revisions\/1053"}],"wp:attachment":[{"href":"https:\/\/yeti-architectes.fr\/index.php\/wp-json\/wp\/v2\/media?parent=439"}],"curies":[{"name":"wp","href":"https:\/\/api.w.org\/{rel}","templated":true}]}}