{"id":522,"date":"2019-04-01T17:21:40","date_gmt":"2019-04-01T15:21:40","guid":{"rendered":"http:\/\/yeti-architectes.fr\/?page_id=522"},"modified":"2020-01-23T16:05:01","modified_gmt":"2020-01-23T15:05:01","slug":"rehabilitation-de-quartier","status":"publish","type":"page","link":"https:\/\/yeti-architectes.fr\/index.php\/rehabilitation-de-quartier\/","title":{"rendered":"r\u00e9habilitation de quartier"},"content":{"rendered":"\t\t<div data-elementor-type=\"wp-post\" data-elementor-id=\"522\" class=\"elementor elementor-522\">\n\t\t\t\t\t\t<div class=\"elementor-inner\">\n\t\t\t\t<div class=\"elementor-section-wrap\">\n\t\t\t\t\t\t\t\t\t<section class=\"elementor-section elementor-top-section elementor-element elementor-element-2cd7973 elementor-section-full_width elementor-section-height-default elementor-section-height-default\" data-id=\"2cd7973\" data-element_type=\"section\">\n\t\t\t\t\t\t<div class=\"elementor-container elementor-column-gap-no\">\n\t\t\t\t\t\t\t<div class=\"elementor-row\">\n\t\t\t\t\t<div class=\"elementor-column elementor-col-100 elementor-top-column elementor-element elementor-element-c5c6cf0\" data-id=\"c5c6cf0\" data-element_type=\"column\">\n\t\t\t<div class=\"elementor-column-wrap elementor-element-populated\">\n\t\t\t\t\t\t\t<div class=\"elementor-widget-wrap\">\n\t\t\t\t\t\t<div class=\"elementor-element elementor-element-29cd298 elementor-widget elementor-widget-heading\" data-id=\"29cd298\" data-element_type=\"widget\" data-widget_type=\"heading.default\">\n\t\t\t\t<div class=\"elementor-widget-container\">\n\t\t\t<h2 class=\"elementor-heading-title elementor-size-default\">r\u00e9habilitation de quartier - projet urbain<\/h2>\t\t<\/div>\n\t\t\t\t<\/div>\n\t\t\t\t<div class=\"elementor-element elementor-element-49a7809 elementor-widget__width-inherit elementor-widget elementor-widget-image\" data-id=\"49a7809\" data-element_type=\"widget\" data-widget_type=\"image.default\">\n\t\t\t\t<div class=\"elementor-widget-container\">\n\t\t\t\t\t\t\t\t<div class=\"elementor-image\">\n\t\t\t\t\t\t\t\t\t\t\t\t<img width=\"1536\" height=\"1536\" src=\"https:\/\/yeti-architectes.fr\/wp-content\/uploads\/2019\/04\/perspective-exterieure.jpg\" class=\"attachment-1536x1536 size-1536x1536\" alt=\"\" loading=\"lazy\" srcset=\"https:\/\/yeti-architectes.fr\/wp-content\/uploads\/2019\/04\/perspective-exterieure.jpg 2000w, https:\/\/yeti-architectes.fr\/wp-content\/uploads\/2019\/04\/perspective-exterieure-150x150.jpg 150w, https:\/\/yeti-architectes.fr\/wp-content\/uploads\/2019\/04\/perspective-exterieure-300x300.jpg 300w, https:\/\/yeti-architectes.fr\/wp-content\/uploads\/2019\/04\/perspective-exterieure-768x768.jpg 768w, https:\/\/yeti-architectes.fr\/wp-content\/uploads\/2019\/04\/perspective-exterieure-1024x1024.jpg 1024w\" sizes=\"(max-width: 1536px) 100vw, 1536px\" \/>\t\t\t\t\t\t\t\t\t\t\t\t\t\t<\/div>\n\t\t\t\t\t\t<\/div>\n\t\t\t\t<\/div>\n\t\t\t\t<div class=\"elementor-element elementor-element-70122b1 elementor-widget elementor-widget-text-editor\" data-id=\"70122b1\" data-element_type=\"widget\" data-widget_type=\"text-editor.default\">\n\t\t\t\t<div class=\"elementor-widget-container\">\n\t\t\t\t\t\t\t\t<div class=\"elementor-text-editor elementor-clearfix\">\n\t\t\t\t<p style=\"text-align: left;\"><strong>Programme :<\/strong><strong>\u00a0<\/strong>\u00e9tude pour la r\u00e9habilitation d&#8217;un quartier<\/p><p><strong>Localisation :<\/strong> OISSEL SUR SEINE, quartier Saint Julien<\/p><p><strong>Type de commande :<\/strong> publique<\/p><p><strong>Ma\u00eetre d&#8217;ouvrage :<\/strong>\u00a0SIEMOR<\/p><p><strong>Co\u00fbt :<\/strong> 27 396 000 \u20ac ht<\/p><p><strong>Avancement :<\/strong>\u00a0dossier de financement ANRU<\/p>\t\t\t\t\t<\/div>\n\t\t\t\t\t\t<\/div>\n\t\t\t\t<\/div>\n\t\t\t\t<div class=\"elementor-element elementor-element-330309c elementor-widget__width-inherit elementor-widget elementor-widget-image-gallery\" data-id=\"330309c\" data-element_type=\"widget\" data-widget_type=\"image-gallery.default\">\n\t\t\t\t<div class=\"elementor-widget-container\">\n\t\t\t\t\t<div class=\"elementor-image-gallery\">\n\t\t\t<div id='gallery-1' class='gallery galleryid-522 gallery-columns-2 gallery-size-shapely-grid'><figure class='gallery-item'>\n\t\t\t<div class='gallery-icon landscape'>\n\t\t\t\t<a data-elementor-open-lightbox=\"yes\" data-elementor-lightbox-slideshow=\"330309c\" data-elementor-lightbox-title=\"axo avant apres\" e-action-hash=\"#elementor-action%3Aaction%3Dlightbox%26settings%3DeyJpZCI6NTE1LCJ1cmwiOiJodHRwczpcL1wveWV0aS1hcmNoaXRlY3Rlcy5mclwvd3AtY29udGVudFwvdXBsb2Fkc1wvMjAxOVwvMDRcL2F4by1hdmFudC1hcHJlcy5qcGciLCJzbGlkZXNob3ciOiIzMzAzMDljIn0%3D\" href='https:\/\/yeti-architectes.fr\/wp-content\/uploads\/2019\/04\/axo-avant-apres.jpg'><img width=\"350\" height=\"300\" src=\"https:\/\/yeti-architectes.fr\/wp-content\/uploads\/2019\/04\/axo-avant-apres-350x300.jpg\" class=\"attachment-shapely-grid size-shapely-grid\" alt=\"\" loading=\"lazy\" \/><\/a>\n\t\t\t<\/div><\/figure><figure class='gallery-item'>\n\t\t\t<div class='gallery-icon landscape'>\n\t\t\t\t<a data-elementor-open-lightbox=\"yes\" data-elementor-lightbox-slideshow=\"330309c\" data-elementor-lightbox-title=\"PLAN DE MASSE FUTUR\" e-action-hash=\"#elementor-action%3Aaction%3Dlightbox%26settings%3DeyJpZCI6NTE5LCJ1cmwiOiJodHRwczpcL1wveWV0aS1hcmNoaXRlY3Rlcy5mclwvd3AtY29udGVudFwvdXBsb2Fkc1wvMjAxOVwvMDRcL1BMQU4tREUtTUFTU0UtRlVUVVIuanBnIiwic2xpZGVzaG93IjoiMzMwMzA5YyJ9\" href='https:\/\/yeti-architectes.fr\/wp-content\/uploads\/2019\/04\/PLAN-DE-MASSE-FUTUR.jpg'><img width=\"350\" height=\"300\" src=\"https:\/\/yeti-architectes.fr\/wp-content\/uploads\/2019\/04\/PLAN-DE-MASSE-FUTUR-350x300.jpg\" class=\"attachment-shapely-grid size-shapely-grid\" alt=\"\" loading=\"lazy\" \/><\/a>\n\t\t\t<\/div><\/figure><figure class='gallery-item'>\n\t\t\t<div class='gallery-icon landscape'>\n\t\t\t\t<a data-elementor-open-lightbox=\"yes\" data-elementor-lightbox-slideshow=\"330309c\" data-elementor-lightbox-title=\"axonom\u00e9trie\" e-action-hash=\"#elementor-action%3Aaction%3Dlightbox%26settings%3DeyJpZCI6NTE2LCJ1cmwiOiJodHRwczpcL1wveWV0aS1hcmNoaXRlY3Rlcy5mclwvd3AtY29udGVudFwvdXBsb2Fkc1wvMjAxOVwvMDRcL2F4b25vbVx1MDBlOXRyaWUuanBnIiwic2xpZGVzaG93IjoiMzMwMzA5YyJ9\" href='https:\/\/yeti-architectes.fr\/wp-content\/uploads\/2019\/04\/axonom\u00e9trie.jpg'><img width=\"350\" height=\"300\" src=\"https:\/\/yeti-architectes.fr\/wp-content\/uploads\/2019\/04\/axonom\u00e9trie-350x300.jpg\" class=\"attachment-shapely-grid size-shapely-grid\" alt=\"\" loading=\"lazy\" \/><\/a>\n\t\t\t<\/div><\/figure>\n\t\t<\/div>\n\t\t<\/div>\n\t\t\t\t<\/div>\n\t\t\t\t<\/div>\n\t\t\t\t\t\t<\/div>\n\t\t\t\t\t<\/div>\n\t\t<\/div>\n\t\t\t\t\t\t\t\t<\/div>\n\t\t\t\t\t<\/div>\n\t\t<\/section>\n\t\t\t\t\t\t\t\t\t<\/div>\n\t\t\t<\/div>\n\t\t\t\t\t<\/div>\n\t\t","protected":false},"excerpt":{"rendered":"<p>r\u00e9habilitation de quartier &#8211; projet urbain Programme :\u00a0\u00e9tude pour la r\u00e9habilitation d&#8217;un quartier Localisation : OISSEL SUR SEINE, quartier Saint Julien Type de commande : publique Ma\u00eetre d&#8217;ouvrage :\u00a0SIEMOR Co\u00fbt : 27 396 000 \u20ac ht Avancement :\u00a0dossier de financement ANRU<\/p>\n","protected":false},"author":1,"featured_media":0,"parent":0,"menu_order":0,"comment_status":"closed","ping_status":"closed","template":"elementor_header_footer","meta":{"_mi_skip_tracking":false},"_links":{"self":[{"href":"https:\/\/yeti-architectes.fr\/index.php\/wp-json\/wp\/v2\/pages\/522"}],"collection":[{"href":"https:\/\/yeti-architectes.fr\/index.php\/wp-json\/wp\/v2\/pages"}],"about":[{"href":"https:\/\/yeti-architectes.fr\/index.php\/wp-json\/wp\/v2\/types\/page"}],"author":[{"embeddable":true,"href":"https:\/\/yeti-architectes.fr\/index.php\/wp-json\/wp\/v2\/users\/1"}],"replies":[{"embeddable":true,"href":"https:\/\/yeti-architectes.fr\/index.php\/wp-json\/wp\/v2\/comments?post=522"}],"version-history":[{"count":5,"href":"https:\/\/yeti-architectes.fr\/index.php\/wp-json\/wp\/v2\/pages\/522\/revisions"}],"predecessor-version":[{"id":701,"href":"https:\/\/yeti-architectes.fr\/index.php\/wp-json\/wp\/v2\/pages\/522\/revisions\/701"}],"wp:attachment":[{"href":"https:\/\/yeti-architectes.fr\/index.php\/wp-json\/wp\/v2\/media?parent=522"}],"curies":[{"name":"wp","href":"https:\/\/api.w.org\/{rel}","templated":true}]}}