{"id":581,"date":"2019-04-05T11:15:51","date_gmt":"2019-04-05T09:15:51","guid":{"rendered":"http:\/\/yeti-architectes.fr\/?page_id=581"},"modified":"2022-07-13T15:51:28","modified_gmt":"2022-07-13T13:51:28","slug":"atelier-pedagogique","status":"publish","type":"page","link":"https:\/\/yeti-architectes.fr\/index.php\/atelier-pedagogique\/","title":{"rendered":"atelier p\u00e9dagogique"},"content":{"rendered":"\t\t<div data-elementor-type=\"wp-post\" data-elementor-id=\"581\" class=\"elementor elementor-581\">\n\t\t\t\t\t\t<div class=\"elementor-inner\">\n\t\t\t\t<div class=\"elementor-section-wrap\">\n\t\t\t\t\t\t\t\t\t<section class=\"elementor-section elementor-top-section elementor-element elementor-element-2cd7973 elementor-section-full_width elementor-section-height-default elementor-section-height-default\" data-id=\"2cd7973\" data-element_type=\"section\">\n\t\t\t\t\t\t<div class=\"elementor-container elementor-column-gap-no\">\n\t\t\t\t\t\t\t<div class=\"elementor-row\">\n\t\t\t\t\t<div class=\"elementor-column elementor-col-100 elementor-top-column elementor-element elementor-element-c5c6cf0\" data-id=\"c5c6cf0\" data-element_type=\"column\">\n\t\t\t<div class=\"elementor-column-wrap elementor-element-populated\">\n\t\t\t\t\t\t\t<div class=\"elementor-widget-wrap\">\n\t\t\t\t\t\t<div class=\"elementor-element elementor-element-29cd298 elementor-widget elementor-widget-heading\" data-id=\"29cd298\" data-element_type=\"widget\" data-widget_type=\"heading.default\">\n\t\t\t\t<div class=\"elementor-widget-container\">\n\t\t\t<h2 class=\"elementor-heading-title elementor-size-default\">atelier p\u00e9dagogique<\/h2>\t\t<\/div>\n\t\t\t\t<\/div>\n\t\t\t\t<div class=\"elementor-element elementor-element-49a7809 elementor-widget__width-inherit elementor-widget elementor-widget-image\" data-id=\"49a7809\" data-element_type=\"widget\" data-widget_type=\"image.default\">\n\t\t\t\t<div class=\"elementor-widget-container\">\n\t\t\t\t\t\t\t\t<div class=\"elementor-image\">\n\t\t\t\t\t\t\t\t\t\t\t\t<img width=\"1536\" height=\"864\" src=\"https:\/\/yeti-architectes.fr\/wp-content\/uploads\/2022\/07\/Image6_001-1536x864.jpg\" class=\"attachment-1536x1536 size-1536x1536\" alt=\"\" loading=\"lazy\" srcset=\"https:\/\/yeti-architectes.fr\/wp-content\/uploads\/2022\/07\/Image6_001-1536x864.jpg 1536w, https:\/\/yeti-architectes.fr\/wp-content\/uploads\/2022\/07\/Image6_001-300x169.jpg 300w, https:\/\/yeti-architectes.fr\/wp-content\/uploads\/2022\/07\/Image6_001-1024x576.jpg 1024w, https:\/\/yeti-architectes.fr\/wp-content\/uploads\/2022\/07\/Image6_001-768x432.jpg 768w, https:\/\/yeti-architectes.fr\/wp-content\/uploads\/2022\/07\/Image6_001.jpg 2000w\" sizes=\"(max-width: 1536px) 100vw, 1536px\" \/>\t\t\t\t\t\t\t\t\t\t\t\t\t\t<\/div>\n\t\t\t\t\t\t<\/div>\n\t\t\t\t<\/div>\n\t\t\t\t<div class=\"elementor-element elementor-element-70122b1 elementor-widget elementor-widget-text-editor\" data-id=\"70122b1\" data-element_type=\"widget\" data-widget_type=\"text-editor.default\">\n\t\t\t\t<div class=\"elementor-widget-container\">\n\t\t\t\t\t\t\t\t<div class=\"elementor-text-editor elementor-clearfix\">\n\t\t\t\t<p style=\"text-align: left;\"><strong>Programme : <\/strong>Construction d&#8217;un atelier p\u00e9dagogique dans 4 containers<\/p><p><strong>Localisation :<\/strong> OISSEL SUR SEINE, chemin de Commentry<\/p><p><strong>Type de commande :<\/strong> publique<\/p><p><strong>Ma\u00eetre d&#8217;ouvrage :<\/strong> VILLE DE OISSEL SUR SEINE<\/p><p><strong>Surfaces :<\/strong> 170 m\u00b2<\/p><p><strong>Co\u00fbt :<\/strong> 340 000 \u20ac ht<\/p><p><strong>Avancement :<\/strong> \u00e9tudes<\/p>\t\t\t\t\t<\/div>\n\t\t\t\t\t\t<\/div>\n\t\t\t\t<\/div>\n\t\t\t\t<div class=\"elementor-element elementor-element-330309c elementor-widget__width-inherit elementor-widget elementor-widget-image-gallery\" data-id=\"330309c\" data-element_type=\"widget\" data-widget_type=\"image-gallery.default\">\n\t\t\t\t<div class=\"elementor-widget-container\">\n\t\t\t\t\t<div class=\"elementor-image-gallery\">\n\t\t\t<div id='gallery-1' class='gallery galleryid-581 gallery-columns-2 gallery-size-medium_large'><figure class='gallery-item'>\n\t\t\t<div class='gallery-icon landscape'>\n\t\t\t\t<a data-elementor-open-lightbox=\"yes\" data-elementor-lightbox-slideshow=\"330309c\" data-elementor-lightbox-title=\"Image5\" e-action-hash=\"#elementor-action%3Aaction%3Dlightbox%26settings%3DeyJpZCI6NzM5LCJ1cmwiOiJodHRwczpcL1wveWV0aS1hcmNoaXRlY3Rlcy5mclwvd3AtY29udGVudFwvdXBsb2Fkc1wvMjAyMlwvMDdcL0ltYWdlNS5qcGciLCJzbGlkZXNob3ciOiIzMzAzMDljIn0%3D\" href='https:\/\/yeti-architectes.fr\/wp-content\/uploads\/2022\/07\/Image5.jpg'><img width=\"768\" height=\"432\" src=\"https:\/\/yeti-architectes.fr\/wp-content\/uploads\/2022\/07\/Image5-768x432.jpg\" class=\"attachment-medium_large size-medium_large\" alt=\"\" loading=\"lazy\" srcset=\"https:\/\/yeti-architectes.fr\/wp-content\/uploads\/2022\/07\/Image5-768x432.jpg 768w, https:\/\/yeti-architectes.fr\/wp-content\/uploads\/2022\/07\/Image5-300x169.jpg 300w, https:\/\/yeti-architectes.fr\/wp-content\/uploads\/2022\/07\/Image5-1024x576.jpg 1024w, https:\/\/yeti-architectes.fr\/wp-content\/uploads\/2022\/07\/Image5-1536x864.jpg 1536w, https:\/\/yeti-architectes.fr\/wp-content\/uploads\/2022\/07\/Image5.jpg 2000w\" sizes=\"(max-width: 768px) 100vw, 768px\" \/><\/a>\n\t\t\t<\/div><\/figure><figure class='gallery-item'>\n\t\t\t<div class='gallery-icon landscape'>\n\t\t\t\t<a data-elementor-open-lightbox=\"yes\" data-elementor-lightbox-slideshow=\"330309c\" data-elementor-lightbox-title=\"Image9_000\" e-action-hash=\"#elementor-action%3Aaction%3Dlightbox%26settings%3DeyJpZCI6NzQxLCJ1cmwiOiJodHRwczpcL1wveWV0aS1hcmNoaXRlY3Rlcy5mclwvd3AtY29udGVudFwvdXBsb2Fkc1wvMjAyMlwvMDdcL0ltYWdlOV8wMDAuanBnIiwic2xpZGVzaG93IjoiMzMwMzA5YyJ9\" href='https:\/\/yeti-architectes.fr\/wp-content\/uploads\/2022\/07\/Image9_000.jpg'><img width=\"768\" height=\"432\" src=\"https:\/\/yeti-architectes.fr\/wp-content\/uploads\/2022\/07\/Image9_000-768x432.jpg\" class=\"attachment-medium_large size-medium_large\" alt=\"\" loading=\"lazy\" srcset=\"https:\/\/yeti-architectes.fr\/wp-content\/uploads\/2022\/07\/Image9_000-768x432.jpg 768w, https:\/\/yeti-architectes.fr\/wp-content\/uploads\/2022\/07\/Image9_000-300x169.jpg 300w, https:\/\/yeti-architectes.fr\/wp-content\/uploads\/2022\/07\/Image9_000-1024x576.jpg 1024w, https:\/\/yeti-architectes.fr\/wp-content\/uploads\/2022\/07\/Image9_000-1536x864.jpg 1536w, https:\/\/yeti-architectes.fr\/wp-content\/uploads\/2022\/07\/Image9_000.jpg 2000w\" sizes=\"(max-width: 768px) 100vw, 768px\" \/><\/a>\n\t\t\t<\/div><\/figure><figure class='gallery-item'>\n\t\t\t<div class='gallery-icon landscape'>\n\t\t\t\t<a data-elementor-open-lightbox=\"yes\" data-elementor-lightbox-slideshow=\"330309c\" data-elementor-lightbox-title=\"4 Containers atelier-Oissel perspective SUD EST\" e-action-hash=\"#elementor-action%3Aaction%3Dlightbox%26settings%3DeyJpZCI6NTc0LCJ1cmwiOiJodHRwczpcL1wveWV0aS1hcmNoaXRlY3Rlcy5mclwvd3AtY29udGVudFwvdXBsb2Fkc1wvMjAxOVwvMDRcLzQtQ29udGFpbmVycy1hdGVsaWVyLU9pc3NlbC1wZXJzcGVjdGl2ZS1TVUQtRVNULmpwZyIsInNsaWRlc2hvdyI6IjMzMDMwOWMifQ%3D%3D\" href='https:\/\/yeti-architectes.fr\/wp-content\/uploads\/2019\/04\/4-Containers-atelier-Oissel-perspective-SUD-EST.jpg'><img width=\"768\" height=\"249\" src=\"https:\/\/yeti-architectes.fr\/wp-content\/uploads\/2019\/04\/4-Containers-atelier-Oissel-perspective-SUD-EST-768x249.jpg\" class=\"attachment-medium_large size-medium_large\" alt=\"\" loading=\"lazy\" srcset=\"https:\/\/yeti-architectes.fr\/wp-content\/uploads\/2019\/04\/4-Containers-atelier-Oissel-perspective-SUD-EST-768x249.jpg 768w, https:\/\/yeti-architectes.fr\/wp-content\/uploads\/2019\/04\/4-Containers-atelier-Oissel-perspective-SUD-EST-300x97.jpg 300w, https:\/\/yeti-architectes.fr\/wp-content\/uploads\/2019\/04\/4-Containers-atelier-Oissel-perspective-SUD-EST-1024x332.jpg 1024w\" sizes=\"(max-width: 768px) 100vw, 768px\" \/><\/a>\n\t\t\t<\/div><\/figure><figure class='gallery-item'>\n\t\t\t<div class='gallery-icon landscape'>\n\t\t\t\t<a data-elementor-open-lightbox=\"yes\" data-elementor-lightbox-slideshow=\"330309c\" data-elementor-lightbox-title=\"4 Containers atelier-Oissel perspective ENTREE\" e-action-hash=\"#elementor-action%3Aaction%3Dlightbox%26settings%3DeyJpZCI6NTczLCJ1cmwiOiJodHRwczpcL1wveWV0aS1hcmNoaXRlY3Rlcy5mclwvd3AtY29udGVudFwvdXBsb2Fkc1wvMjAxOVwvMDRcLzQtQ29udGFpbmVycy1hdGVsaWVyLU9pc3NlbC1wZXJzcGVjdGl2ZS1FTlRSRUUuanBnIiwic2xpZGVzaG93IjoiMzMwMzA5YyJ9\" href='https:\/\/yeti-architectes.fr\/wp-content\/uploads\/2019\/04\/4-Containers-atelier-Oissel-perspective-ENTREE.jpg'><img width=\"768\" height=\"270\" src=\"https:\/\/yeti-architectes.fr\/wp-content\/uploads\/2019\/04\/4-Containers-atelier-Oissel-perspective-ENTREE-768x270.jpg\" class=\"attachment-medium_large size-medium_large\" alt=\"\" loading=\"lazy\" srcset=\"https:\/\/yeti-architectes.fr\/wp-content\/uploads\/2019\/04\/4-Containers-atelier-Oissel-perspective-ENTREE-768x270.jpg 768w, https:\/\/yeti-architectes.fr\/wp-content\/uploads\/2019\/04\/4-Containers-atelier-Oissel-perspective-ENTREE-300x105.jpg 300w, https:\/\/yeti-architectes.fr\/wp-content\/uploads\/2019\/04\/4-Containers-atelier-Oissel-perspective-ENTREE-1024x360.jpg 1024w\" sizes=\"(max-width: 768px) 100vw, 768px\" \/><\/a>\n\t\t\t<\/div><\/figure><figure class='gallery-item'>\n\t\t\t<div class='gallery-icon landscape'>\n\t\t\t\t<a data-elementor-open-lightbox=\"yes\" data-elementor-lightbox-slideshow=\"330309c\" data-elementor-lightbox-title=\"\u00e9clat\u00e9\" e-action-hash=\"#elementor-action%3Aaction%3Dlightbox%26settings%3DeyJpZCI6NTc2LCJ1cmwiOiJodHRwczpcL1wveWV0aS1hcmNoaXRlY3Rlcy5mclwvd3AtY29udGVudFwvdXBsb2Fkc1wvMjAxOVwvMDRcL1x1MDBlOWNsYXRcdTAwZTkuanBnIiwic2xpZGVzaG93IjoiMzMwMzA5YyJ9\" href='https:\/\/yeti-architectes.fr\/wp-content\/uploads\/2019\/04\/\u00e9clat\u00e9.jpg'><img width=\"768\" height=\"704\" src=\"https:\/\/yeti-architectes.fr\/wp-content\/uploads\/2019\/04\/\u00e9clat\u00e9-768x704.jpg\" class=\"attachment-medium_large size-medium_large\" alt=\"\" loading=\"lazy\" srcset=\"https:\/\/yeti-architectes.fr\/wp-content\/uploads\/2019\/04\/\u00e9clat\u00e9-768x704.jpg 768w, https:\/\/yeti-architectes.fr\/wp-content\/uploads\/2019\/04\/\u00e9clat\u00e9-300x275.jpg 300w, https:\/\/yeti-architectes.fr\/wp-content\/uploads\/2019\/04\/\u00e9clat\u00e9-1024x939.jpg 1024w\" sizes=\"(max-width: 768px) 100vw, 768px\" \/><\/a>\n\t\t\t<\/div><\/figure>\n\t\t<\/div>\n\t\t<\/div>\n\t\t\t\t<\/div>\n\t\t\t\t<\/div>\n\t\t\t\t\t\t<\/div>\n\t\t\t\t\t<\/div>\n\t\t<\/div>\n\t\t\t\t\t\t\t\t<\/div>\n\t\t\t\t\t<\/div>\n\t\t<\/section>\n\t\t\t\t\t\t\t\t\t<\/div>\n\t\t\t<\/div>\n\t\t\t\t\t<\/div>\n\t\t","protected":false},"excerpt":{"rendered":"<p>atelier p\u00e9dagogique Programme : Construction d&#8217;un atelier p\u00e9dagogique dans 4 containers Localisation : OISSEL SUR SEINE, chemin de Commentry Type de commande : publique Ma\u00eetre d&#8217;ouvrage : VILLE DE OISSEL SUR SEINE Surfaces : 170 m\u00b2 Co\u00fbt : 340 000 \u20ac ht Avancement : \u00e9tudes<\/p>\n","protected":false},"author":1,"featured_media":0,"parent":0,"menu_order":0,"comment_status":"closed","ping_status":"closed","template":"elementor_header_footer","meta":{"_mi_skip_tracking":false},"_links":{"self":[{"href":"https:\/\/yeti-architectes.fr\/index.php\/wp-json\/wp\/v2\/pages\/581"}],"collection":[{"href":"https:\/\/yeti-architectes.fr\/index.php\/wp-json\/wp\/v2\/pages"}],"about":[{"href":"https:\/\/yeti-architectes.fr\/index.php\/wp-json\/wp\/v2\/types\/page"}],"author":[{"embeddable":true,"href":"https:\/\/yeti-architectes.fr\/index.php\/wp-json\/wp\/v2\/users\/1"}],"replies":[{"embeddable":true,"href":"https:\/\/yeti-architectes.fr\/index.php\/wp-json\/wp\/v2\/comments?post=581"}],"version-history":[{"count":13,"href":"https:\/\/yeti-architectes.fr\/index.php\/wp-json\/wp\/v2\/pages\/581\/revisions"}],"predecessor-version":[{"id":1049,"href":"https:\/\/yeti-architectes.fr\/index.php\/wp-json\/wp\/v2\/pages\/581\/revisions\/1049"}],"wp:attachment":[{"href":"https:\/\/yeti-architectes.fr\/index.php\/wp-json\/wp\/v2\/media?parent=581"}],"curies":[{"name":"wp","href":"https:\/\/api.w.org\/{rel}","templated":true}]}}