{"id":612,"date":"2019-11-15T11:47:40","date_gmt":"2019-11-15T10:47:40","guid":{"rendered":"http:\/\/yeti-architectes.fr\/?page_id=612"},"modified":"2022-07-13T16:01:56","modified_gmt":"2022-07-13T14:01:56","slug":"residence-inter-generationnelle","status":"publish","type":"page","link":"https:\/\/yeti-architectes.fr\/index.php\/residence-inter-generationnelle\/","title":{"rendered":"residence-inter-generationnelle"},"content":{"rendered":"\t\t<div data-elementor-type=\"wp-post\" data-elementor-id=\"612\" class=\"elementor elementor-612\">\n\t\t\t\t\t\t<div class=\"elementor-inner\">\n\t\t\t\t<div class=\"elementor-section-wrap\">\n\t\t\t\t\t\t\t\t\t<section class=\"elementor-section elementor-top-section elementor-element elementor-element-2cd7973 elementor-section-full_width elementor-section-height-default elementor-section-height-default\" data-id=\"2cd7973\" data-element_type=\"section\">\n\t\t\t\t\t\t<div class=\"elementor-container elementor-column-gap-no\">\n\t\t\t\t\t\t\t<div class=\"elementor-row\">\n\t\t\t\t\t<div class=\"elementor-column elementor-col-100 elementor-top-column elementor-element elementor-element-c5c6cf0\" data-id=\"c5c6cf0\" data-element_type=\"column\">\n\t\t\t<div class=\"elementor-column-wrap elementor-element-populated\">\n\t\t\t\t\t\t\t<div class=\"elementor-widget-wrap\">\n\t\t\t\t\t\t<div class=\"elementor-element elementor-element-29cd298 elementor-widget elementor-widget-heading\" data-id=\"29cd298\" data-element_type=\"widget\" data-widget_type=\"heading.default\">\n\t\t\t\t<div class=\"elementor-widget-container\">\n\t\t\t<h2 class=\"elementor-heading-title elementor-size-default\">r\u00e9sidence inter g\u00e9n\u00e9rationnelle<br>en ossature bois<\/h2>\t\t<\/div>\n\t\t\t\t<\/div>\n\t\t\t\t<div class=\"elementor-element elementor-element-49a7809 elementor-widget__width-inherit elementor-widget elementor-widget-image\" data-id=\"49a7809\" data-element_type=\"widget\" data-widget_type=\"image.default\">\n\t\t\t\t<div class=\"elementor-widget-container\">\n\t\t\t\t\t\t\t\t<div class=\"elementor-image\">\n\t\t\t\t\t\t\t\t\t\t\t\t<img width=\"1536\" height=\"768\" src=\"https:\/\/yeti-architectes.fr\/wp-content\/uploads\/2019\/10\/perspective-1-7.jpg\" class=\"attachment-1536x1536 size-1536x1536\" alt=\"\" loading=\"lazy\" srcset=\"https:\/\/yeti-architectes.fr\/wp-content\/uploads\/2019\/10\/perspective-1-7.jpg 2000w, https:\/\/yeti-architectes.fr\/wp-content\/uploads\/2019\/10\/perspective-1-7-300x150.jpg 300w, https:\/\/yeti-architectes.fr\/wp-content\/uploads\/2019\/10\/perspective-1-7-768x384.jpg 768w, https:\/\/yeti-architectes.fr\/wp-content\/uploads\/2019\/10\/perspective-1-7-1024x512.jpg 1024w\" sizes=\"(max-width: 1536px) 100vw, 1536px\" \/>\t\t\t\t\t\t\t\t\t\t\t\t\t\t<\/div>\n\t\t\t\t\t\t<\/div>\n\t\t\t\t<\/div>\n\t\t\t\t<div class=\"elementor-element elementor-element-70122b1 elementor-widget elementor-widget-text-editor\" data-id=\"70122b1\" data-element_type=\"widget\" data-widget_type=\"text-editor.default\">\n\t\t\t\t<div class=\"elementor-widget-container\">\n\t\t\t\t\t\t\t\t<div class=\"elementor-text-editor elementor-clearfix\">\n\t\t\t\t<p style=\"text-align: left;\"><strong>Programme : <\/strong>r\u00e9sidence inter-g\u00e9n\u00e9rationnelle de 81 logements collectifs sociaux et un local associatif<\/p><p><strong>Localisation :<\/strong> DOUVRES LA DELIVRANDE, rue Robert Schuman<\/p><p><strong>Type de commande :<\/strong> priv\u00e9e<\/p><p><strong>Ma\u00eetre d&#8217;ouvrage :<\/strong>\u00a0NEXITY<\/p><p><strong>Surfaces :<\/strong> 4608 m\u00b2 SHAB &#8211; local associatif 80 m\u00b2<\/p><p><strong>Co\u00fbt :<\/strong> 5 585 000 \u20acHT<\/p><p><strong>Avancement :<\/strong> PC<\/p>\t\t\t\t\t<\/div>\n\t\t\t\t\t\t<\/div>\n\t\t\t\t<\/div>\n\t\t\t\t<div class=\"elementor-element elementor-element-330309c elementor-widget__width-inherit elementor-widget elementor-widget-image-gallery\" data-id=\"330309c\" data-element_type=\"widget\" data-widget_type=\"image-gallery.default\">\n\t\t\t\t<div class=\"elementor-widget-container\">\n\t\t\t\t\t<div class=\"elementor-image-gallery\">\n\t\t\t<div id='gallery-1' class='gallery galleryid-612 gallery-columns-2 gallery-size-medium_large'><figure class='gallery-item'>\n\t\t\t<div class='gallery-icon landscape'>\n\t\t\t\t<a data-elementor-open-lightbox=\"no\" href='https:\/\/yeti-architectes.fr\/wp-content\/uploads\/2019\/11\/perspective-2-3.jpg'><img width=\"768\" height=\"461\" src=\"https:\/\/yeti-architectes.fr\/wp-content\/uploads\/2019\/11\/perspective-2-3-768x461.jpg\" class=\"attachment-medium_large size-medium_large\" alt=\"\" loading=\"lazy\" srcset=\"https:\/\/yeti-architectes.fr\/wp-content\/uploads\/2019\/11\/perspective-2-3-768x461.jpg 768w, https:\/\/yeti-architectes.fr\/wp-content\/uploads\/2019\/11\/perspective-2-3-300x180.jpg 300w, https:\/\/yeti-architectes.fr\/wp-content\/uploads\/2019\/11\/perspective-2-3-1024x614.jpg 1024w, https:\/\/yeti-architectes.fr\/wp-content\/uploads\/2019\/11\/perspective-2-3.jpg 1667w\" sizes=\"(max-width: 768px) 100vw, 768px\" \/><\/a>\n\t\t\t<\/div><\/figure><figure class='gallery-item'>\n\t\t\t<div class='gallery-icon portrait'>\n\t\t\t\t<a data-elementor-open-lightbox=\"no\" href='https:\/\/yeti-architectes.fr\/wp-content\/uploads\/2019\/11\/douvres-plan-masse-seul.jpg'><img width=\"768\" height=\"954\" src=\"https:\/\/yeti-architectes.fr\/wp-content\/uploads\/2019\/11\/douvres-plan-masse-seul-768x954.jpg\" class=\"attachment-medium_large size-medium_large\" alt=\"\" loading=\"lazy\" srcset=\"https:\/\/yeti-architectes.fr\/wp-content\/uploads\/2019\/11\/douvres-plan-masse-seul-768x954.jpg 768w, https:\/\/yeti-architectes.fr\/wp-content\/uploads\/2019\/11\/douvres-plan-masse-seul-242x300.jpg 242w, https:\/\/yeti-architectes.fr\/wp-content\/uploads\/2019\/11\/douvres-plan-masse-seul-824x1024.jpg 824w, https:\/\/yeti-architectes.fr\/wp-content\/uploads\/2019\/11\/douvres-plan-masse-seul.jpg 1000w\" sizes=\"(max-width: 768px) 100vw, 768px\" \/><\/a>\n\t\t\t<\/div><\/figure><figure class='gallery-item'>\n\t\t\t<div class='gallery-icon landscape'>\n\t\t\t\t<a data-elementor-open-lightbox=\"no\" href='https:\/\/yeti-architectes.fr\/wp-content\/uploads\/2019\/11\/douvres-facade-01.jpg'><img width=\"768\" height=\"179\" src=\"https:\/\/yeti-architectes.fr\/wp-content\/uploads\/2019\/11\/douvres-facade-01-768x179.jpg\" class=\"attachment-medium_large size-medium_large\" alt=\"\" loading=\"lazy\" srcset=\"https:\/\/yeti-architectes.fr\/wp-content\/uploads\/2019\/11\/douvres-facade-01-768x179.jpg 768w, https:\/\/yeti-architectes.fr\/wp-content\/uploads\/2019\/11\/douvres-facade-01-300x70.jpg 300w, https:\/\/yeti-architectes.fr\/wp-content\/uploads\/2019\/11\/douvres-facade-01-1024x238.jpg 1024w\" sizes=\"(max-width: 768px) 100vw, 768px\" \/><\/a>\n\t\t\t<\/div><\/figure><figure class='gallery-item'>\n\t\t\t<div class='gallery-icon landscape'>\n\t\t\t\t<a data-elementor-open-lightbox=\"no\" href='https:\/\/yeti-architectes.fr\/wp-content\/uploads\/2019\/11\/douvres-facade-02.jpg'><img width=\"768\" height=\"179\" src=\"https:\/\/yeti-architectes.fr\/wp-content\/uploads\/2019\/11\/douvres-facade-02-768x179.jpg\" class=\"attachment-medium_large size-medium_large\" alt=\"\" loading=\"lazy\" srcset=\"https:\/\/yeti-architectes.fr\/wp-content\/uploads\/2019\/11\/douvres-facade-02-768x179.jpg 768w, https:\/\/yeti-architectes.fr\/wp-content\/uploads\/2019\/11\/douvres-facade-02-300x70.jpg 300w, https:\/\/yeti-architectes.fr\/wp-content\/uploads\/2019\/11\/douvres-facade-02-1024x239.jpg 1024w\" sizes=\"(max-width: 768px) 100vw, 768px\" \/><\/a>\n\t\t\t<\/div><\/figure>\n\t\t<\/div>\n\t\t<\/div>\n\t\t\t\t<\/div>\n\t\t\t\t<\/div>\n\t\t\t\t\t\t<\/div>\n\t\t\t\t\t<\/div>\n\t\t<\/div>\n\t\t\t\t\t\t\t\t<\/div>\n\t\t\t\t\t<\/div>\n\t\t<\/section>\n\t\t\t\t\t\t\t\t\t<\/div>\n\t\t\t<\/div>\n\t\t\t\t\t<\/div>\n\t\t","protected":false},"excerpt":{"rendered":"<p>r\u00e9sidence inter g\u00e9n\u00e9rationnelleen ossature bois Programme : r\u00e9sidence inter-g\u00e9n\u00e9rationnelle de 81 logements collectifs sociaux et un local associatif Localisation : DOUVRES LA DELIVRANDE, rue Robert Schuman Type de commande : priv\u00e9e Ma\u00eetre d&#8217;ouvrage :\u00a0NEXITY Surfaces : 4608 m\u00b2 SHAB &#8211; local associatif 80 m\u00b2 Co\u00fbt : 5 585 000 \u20acHT Avancement : PC<\/p>\n","protected":false},"author":1,"featured_media":0,"parent":0,"menu_order":0,"comment_status":"closed","ping_status":"closed","template":"elementor_header_footer","meta":{"_mi_skip_tracking":false},"_links":{"self":[{"href":"https:\/\/yeti-architectes.fr\/index.php\/wp-json\/wp\/v2\/pages\/612"}],"collection":[{"href":"https:\/\/yeti-architectes.fr\/index.php\/wp-json\/wp\/v2\/pages"}],"about":[{"href":"https:\/\/yeti-architectes.fr\/index.php\/wp-json\/wp\/v2\/types\/page"}],"author":[{"embeddable":true,"href":"https:\/\/yeti-architectes.fr\/index.php\/wp-json\/wp\/v2\/users\/1"}],"replies":[{"embeddable":true,"href":"https:\/\/yeti-architectes.fr\/index.php\/wp-json\/wp\/v2\/comments?post=612"}],"version-history":[{"count":17,"href":"https:\/\/yeti-architectes.fr\/index.php\/wp-json\/wp\/v2\/pages\/612\/revisions"}],"predecessor-version":[{"id":1067,"href":"https:\/\/yeti-architectes.fr\/index.php\/wp-json\/wp\/v2\/pages\/612\/revisions\/1067"}],"wp:attachment":[{"href":"https:\/\/yeti-architectes.fr\/index.php\/wp-json\/wp\/v2\/media?parent=612"}],"curies":[{"name":"wp","href":"https:\/\/api.w.org\/{rel}","templated":true}]}}