{"id":660,"date":"2019-11-15T14:22:00","date_gmt":"2019-11-15T13:22:00","guid":{"rendered":"http:\/\/yeti-architectes.fr\/?page_id=660"},"modified":"2019-11-15T14:31:57","modified_gmt":"2019-11-15T13:31:57","slug":"mentions-legales","status":"publish","type":"page","link":"https:\/\/yeti-architectes.fr\/index.php\/accueil\/mentions-legales\/","title":{"rendered":"Mentions l\u00e9gales"},"content":{"rendered":"\t\t<div data-elementor-type=\"wp-page\" data-elementor-id=\"660\" class=\"elementor elementor-660\">\n\t\t\t\t\t\t<div class=\"elementor-inner\">\n\t\t\t\t<div class=\"elementor-section-wrap\">\n\t\t\t\t\t\t\t\t\t<section class=\"elementor-section elementor-top-section elementor-element elementor-element-40b79c5 elementor-section-boxed elementor-section-height-default elementor-section-height-default\" data-id=\"40b79c5\" data-element_type=\"section\">\n\t\t\t\t\t\t<div class=\"elementor-container elementor-column-gap-default\">\n\t\t\t\t\t\t\t<div class=\"elementor-row\">\n\t\t\t\t\t<div class=\"elementor-column elementor-col-100 elementor-top-column elementor-element elementor-element-f085d26\" data-id=\"f085d26\" data-element_type=\"column\">\n\t\t\t<div class=\"elementor-column-wrap elementor-element-populated\">\n\t\t\t\t\t\t\t<div class=\"elementor-widget-wrap\">\n\t\t\t\t\t\t<div class=\"elementor-element elementor-element-a7f8a22 elementor-widget elementor-widget-text-editor\" data-id=\"a7f8a22\" data-element_type=\"widget\" data-widget_type=\"text-editor.default\">\n\t\t\t\t<div class=\"elementor-widget-container\">\n\t\t\t\t\t\t\t\t<div class=\"elementor-text-editor elementor-clearfix\">\n\t\t\t\t<h6>\u00a0<\/h6><p>Conform\u00e9ment aux dispositions de l\u2019article 6 III-1 de la loi n\u00b0 2004-575 du 21 juin 2004 pour la confiance dans l\u2019\u00e9conomie num\u00e9rique, cette page reprend les mentions l\u00e9gales et conditions g\u00e9n\u00e9rales d\u2019utilisation du site.<\/p><h6><span style=\"color: #ff0000;\"><strong>\u00c9diteur du site :<\/strong><\/span><\/h6><p>Le pr\u00e9sent site est la propri\u00e9t\u00e9 de\u00a0YETI Architectes<br \/>Immatricul\u00e9e au Registre du Commerce et des Soci\u00e9t\u00e9s de Rouen\u00a0sous le num\u00e9ro\u00a0809619729<br \/>Si\u00e8ge social :\u00a035 rue du pr\u00e9 de la Bataille<br \/>SIRET : 80961972900027<br \/>DIRECTEUR DE LA PUBLICATION :<br \/>Courriel :\u00a0contact@yeti-architectes.fr<br \/>T\u00e9l\u00e9phone : 02.35.98.38.45<\/p><p>Le directeur de la publication du site web est\u00a0Samuel Viard.<\/p><h6><span style=\"color: #ff0000;\"><strong>H\u00e9bergement, cr\u00e9ation :<\/strong><\/span><\/h6><p>OVH.com<br \/>2 rue Kellermann \u2013 59100 Roubaix \u2013 France<br \/>T\u00e9l\u00e9phone : +33.9.72.10.10.07<\/p><h6><span style=\"color: #ff0000;\"><strong>Donn\u00e9es personnelles :<\/strong><\/span><\/h6><p>Les donn\u00e9es personnelles des internautes collect\u00e9es par le biais du site internet www.yeti-architectes.fr\u00a0sont collect\u00e9es et trait\u00e9es dans le respect des dispositions de la loi n\u00b078-17 du 6 janvier 1978, dite Loi Informatique et Libert\u00e9s. Le responsable du traitement est l\u2019\u00e9diteur du site tel qu\u2019identifi\u00e9 ci-dessus. Les donn\u00e9es personnelles collect\u00e9es sur\u00a0www.yeti-architectes.fr\u00a0sont exclusivement destin\u00e9es \u00e0 l\u2019\u00e9diteur du site. Aucune donn\u00e9e personnelle n\u2019est c\u00e9d\u00e9e ou communiqu\u00e9e \u00e0 un tiers. Ces donn\u00e9es ont pour finalit\u00e9 le traitement des messages re\u00e7us pass\u00e9s par l\u2019internaute sur le site\u00a0www.yeti-architectes.fr. Conform\u00e9ment \u00e0 la loi pr\u00e9cit\u00e9e, l\u2019internaute dispose d\u2019un droit d\u2019acc\u00e8s, de rectification, de suppression des donn\u00e9es personnelles le concernant. Pour exercer ce droit, l\u2019internaute peut adresser sa demande :<br \/>\u2013 par courriel \u00e0\u00a0contact@yeti-architectes.fr<br \/>\u2013 ou par courrier \u00e0 :\u00a035 rue du pr\u00e9 de la Bataille 76000 Rouen<br \/>L\u2019internaute dispose \u00e9galement d\u2019un droit d\u2019opposition \u00e0 la collecte de ses donn\u00e9es. L\u2019internaute est toutefois inform\u00e9 que les donn\u00e9es communiqu\u00e9es par le biais des formulaires pr\u00e9sents sur le site www.yeti-architectes.fr\u00a0et identifi\u00e9es comme obligatoires sont n\u00e9cessaires \u00e0 YETI Architectes\u00a0pour le traitement et la r\u00e9ponse aux messages re\u00e7us. Le traitement des messages ne pourra en cons\u00e9quence \u00eatre effectu\u00e9 si ces donn\u00e9es ne sont pas renseign\u00e9es par l\u2019internaute.<\/p><h6><span style=\"color: #ff0000;\"><strong>Propri\u00e9t\u00e9 intellectuelle :<\/strong><\/span><\/h6><p>Le site internet exploit\u00e9 \u00e0 l\u2019adresse\u00a0www.yeti-architectes.fr\u00a0est la propri\u00e9t\u00e9 de la soci\u00e9t\u00e9 YETI Architectes. Ce site est en outre une \u0153uvre prot\u00e9g\u00e9e par le droit de la propri\u00e9t\u00e9 intellectuelle. Il comporte des textes, images, photographies, illustrations, logos, eux-m\u00eames prot\u00e9g\u00e9s par des droits de propri\u00e9t\u00e9s industrielle et intellectuelle. L\u2019usage par l\u2019internaute du site\u00a0www.yeti-architectes.fr\u00a0est strictement r\u00e9serv\u00e9 \u00e0 un usage priv\u00e9- le droit d\u2019utilisation par l\u2019internaute \u00e9tant limit\u00e9 \u00e0 la consultation des informations figurant sur le site. Toute utilisation, reproduction, t\u00e9l\u00e9chargement total ou partiel du site\u00a0www.yeti-architectes.fr, ou de l\u2019un de ses \u00e9l\u00e9ments textes, images, photographies illustrations, logos sans l\u2019accord de son propri\u00e9taire ou du titulaire des droits est en cons\u00e9quence interdite, \u00e0 l\u2019exception de la copie priv\u00e9e r\u00e9alis\u00e9e \u00e0 des fins personnelles et non commerciales. Toute infraction au pr\u00e9sent article est susceptible d\u2019\u00eatre p\u00e9nalement et civilement sanctionn\u00e9e, notamment au titre de la contrefa\u00e7on et entra\u00eenera le cas \u00e9ch\u00e9ant le versement de dommages et int\u00e9r\u00eats.<\/p>\t\t\t\t\t<\/div>\n\t\t\t\t\t\t<\/div>\n\t\t\t\t<\/div>\n\t\t\t\t\t\t<\/div>\n\t\t\t\t\t<\/div>\n\t\t<\/div>\n\t\t\t\t\t\t\t\t<\/div>\n\t\t\t\t\t<\/div>\n\t\t<\/section>\n\t\t\t\t\t\t\t\t\t<\/div>\n\t\t\t<\/div>\n\t\t\t\t\t<\/div>\n\t\t","protected":false},"excerpt":{"rendered":"<p>\u00a0 Conform\u00e9ment aux dispositions de l\u2019article 6 III-1 de la loi n\u00b0 2004-575 du 21 juin 2004 pour la confiance dans l\u2019\u00e9conomie num\u00e9rique, cette page reprend les mentions l\u00e9gales et conditions g\u00e9n\u00e9rales d\u2019utilisation du site. \u00c9diteur du site : Le pr\u00e9sent site est la propri\u00e9t\u00e9 de\u00a0YETI ArchitectesImmatricul\u00e9e au Registre du Commerce et des Soci\u00e9t\u00e9s de<\/p>\n<div><a class=\"btn-filled btn\" href=\"https:\/\/yeti-architectes.fr\/index.php\/accueil\/mentions-legales\/\" title=\"Mentions l\u00e9gales\">Read More<\/a><\/div>\n","protected":false},"author":1,"featured_media":0,"parent":7,"menu_order":0,"comment_status":"closed","ping_status":"closed","template":"","meta":{"_mi_skip_tracking":false},"_links":{"self":[{"href":"https:\/\/yeti-architectes.fr\/index.php\/wp-json\/wp\/v2\/pages\/660"}],"collection":[{"href":"https:\/\/yeti-architectes.fr\/index.php\/wp-json\/wp\/v2\/pages"}],"about":[{"href":"https:\/\/yeti-architectes.fr\/index.php\/wp-json\/wp\/v2\/types\/page"}],"author":[{"embeddable":true,"href":"https:\/\/yeti-architectes.fr\/index.php\/wp-json\/wp\/v2\/users\/1"}],"replies":[{"embeddable":true,"href":"https:\/\/yeti-architectes.fr\/index.php\/wp-json\/wp\/v2\/comments?post=660"}],"version-history":[{"count":5,"href":"https:\/\/yeti-architectes.fr\/index.php\/wp-json\/wp\/v2\/pages\/660\/revisions"}],"predecessor-version":[{"id":666,"href":"https:\/\/yeti-architectes.fr\/index.php\/wp-json\/wp\/v2\/pages\/660\/revisions\/666"}],"up":[{"embeddable":true,"href":"https:\/\/yeti-architectes.fr\/index.php\/wp-json\/wp\/v2\/pages\/7"}],"wp:attachment":[{"href":"https:\/\/yeti-architectes.fr\/index.php\/wp-json\/wp\/v2\/media?parent=660"}],"curies":[{"name":"wp","href":"https:\/\/api.w.org\/{rel}","templated":true}]}}