{"id":766,"date":"2022-07-08T12:13:00","date_gmt":"2022-07-08T10:13:00","guid":{"rendered":"http:\/\/yeti-architectes.fr\/?page_id=766"},"modified":"2022-07-26T12:24:53","modified_gmt":"2022-07-26T10:24:53","slug":"88-logements","status":"publish","type":"page","link":"https:\/\/yeti-architectes.fr\/index.php\/88-logements\/","title":{"rendered":"88 logements &#8211; deville"},"content":{"rendered":"\t\t<div data-elementor-type=\"wp-post\" data-elementor-id=\"766\" class=\"elementor elementor-766\">\n\t\t\t\t\t\t<div class=\"elementor-inner\">\n\t\t\t\t<div class=\"elementor-section-wrap\">\n\t\t\t\t\t\t\t\t\t<section class=\"elementor-section elementor-top-section elementor-element elementor-element-2cd7973 elementor-section-full_width elementor-section-height-default elementor-section-height-default\" data-id=\"2cd7973\" data-element_type=\"section\">\n\t\t\t\t\t\t<div class=\"elementor-container elementor-column-gap-no\">\n\t\t\t\t\t\t\t<div class=\"elementor-row\">\n\t\t\t\t\t<div class=\"elementor-column elementor-col-100 elementor-top-column elementor-element elementor-element-c5c6cf0\" data-id=\"c5c6cf0\" data-element_type=\"column\">\n\t\t\t<div class=\"elementor-column-wrap elementor-element-populated\">\n\t\t\t\t\t\t\t<div class=\"elementor-widget-wrap\">\n\t\t\t\t\t\t<div class=\"elementor-element elementor-element-29cd298 elementor-widget elementor-widget-heading\" data-id=\"29cd298\" data-element_type=\"widget\" data-widget_type=\"heading.default\">\n\t\t\t\t<div class=\"elementor-widget-container\">\n\t\t\t<h2 class=\"elementor-heading-title elementor-size-default\">88 logements<\/h2>\t\t<\/div>\n\t\t\t\t<\/div>\n\t\t\t\t<div class=\"elementor-element elementor-element-49a7809 elementor-widget__width-inherit elementor-widget elementor-widget-image\" data-id=\"49a7809\" data-element_type=\"widget\" data-widget_type=\"image.default\">\n\t\t\t\t<div class=\"elementor-widget-container\">\n\t\t\t\t\t\t\t\t<div class=\"elementor-image\">\n\t\t\t\t\t\t\t\t\t\t\t\t<img width=\"1536\" height=\"768\" src=\"https:\/\/yeti-architectes.fr\/wp-content\/uploads\/2022\/07\/YETI_DLR_Esplanade_05-1536x768.jpg\" class=\"attachment-1536x1536 size-1536x1536\" alt=\"\" loading=\"lazy\" srcset=\"https:\/\/yeti-architectes.fr\/wp-content\/uploads\/2022\/07\/YETI_DLR_Esplanade_05-1536x768.jpg 1536w, https:\/\/yeti-architectes.fr\/wp-content\/uploads\/2022\/07\/YETI_DLR_Esplanade_05-300x150.jpg 300w, https:\/\/yeti-architectes.fr\/wp-content\/uploads\/2022\/07\/YETI_DLR_Esplanade_05-1024x512.jpg 1024w, https:\/\/yeti-architectes.fr\/wp-content\/uploads\/2022\/07\/YETI_DLR_Esplanade_05-768x384.jpg 768w, https:\/\/yeti-architectes.fr\/wp-content\/uploads\/2022\/07\/YETI_DLR_Esplanade_05-2048x1024.jpg 2048w\" sizes=\"(max-width: 1536px) 100vw, 1536px\" \/>\t\t\t\t\t\t\t\t\t\t\t\t\t\t<\/div>\n\t\t\t\t\t\t<\/div>\n\t\t\t\t<\/div>\n\t\t\t\t<div class=\"elementor-element elementor-element-70122b1 elementor-widget elementor-widget-text-editor\" data-id=\"70122b1\" data-element_type=\"widget\" data-widget_type=\"text-editor.default\">\n\t\t\t\t<div class=\"elementor-widget-container\">\n\t\t\t\t\t\t\t\t<div class=\"elementor-text-editor elementor-clearfix\">\n\t\t\t\t<p style=\"text-align: left;\"><strong>Programme : <\/strong>71 logements collectifs et 17 maisons group\u00e9es<\/p><p><strong>Localisation :<\/strong> DEVILLE LES ROUEN, rue H\u00e9bert<\/p><p><strong>Type de commande :<\/strong> priv\u00e9e<\/p><p><strong>Ma\u00eetre d&#8217;ouvrage :<\/strong> BOUYGUES IMMOBILIER<\/p><p><strong>Surfaces logements :<\/strong> 5303 m\u00b2 SHAB<\/p><p><strong>Co\u00fbt :<\/strong>NC \u20ac ht<\/p><p><strong>Avancement :<\/strong> Appel\u00a0 \u00e0 projet<\/p>\t\t\t\t\t<\/div>\n\t\t\t\t\t\t<\/div>\n\t\t\t\t<\/div>\n\t\t\t\t<div class=\"elementor-element elementor-element-330309c elementor-widget__width-inherit elementor-widget elementor-widget-image-gallery\" data-id=\"330309c\" data-element_type=\"widget\" data-widget_type=\"image-gallery.default\">\n\t\t\t\t<div class=\"elementor-widget-container\">\n\t\t\t\t\t<div class=\"elementor-image-gallery\">\n\t\t\t<div id='gallery-1' class='gallery galleryid-766 gallery-columns-2 gallery-size-medium_large'><figure class='gallery-item'>\n\t\t\t<div class='gallery-icon landscape'>\n\t\t\t\t<a data-elementor-open-lightbox=\"yes\" data-elementor-lightbox-slideshow=\"330309c\" data-elementor-lightbox-title=\"YETI_DLR_HEBERT_04\" e-action-hash=\"#elementor-action%3Aaction%3Dlightbox%26settings%3DeyJpZCI6NzcwLCJ1cmwiOiJodHRwczpcL1wveWV0aS1hcmNoaXRlY3Rlcy5mclwvd3AtY29udGVudFwvdXBsb2Fkc1wvMjAyMlwvMDdcL1lFVElfRExSX0hFQkVSVF8wNC1zY2FsZWQuanBnIiwic2xpZGVzaG93IjoiMzMwMzA5YyJ9\" href='https:\/\/yeti-architectes.fr\/wp-content\/uploads\/2022\/07\/YETI_DLR_HEBERT_04-scaled.jpg'><img width=\"768\" height=\"384\" src=\"https:\/\/yeti-architectes.fr\/wp-content\/uploads\/2022\/07\/YETI_DLR_HEBERT_04-768x384.jpg\" class=\"attachment-medium_large size-medium_large\" alt=\"\" loading=\"lazy\" srcset=\"https:\/\/yeti-architectes.fr\/wp-content\/uploads\/2022\/07\/YETI_DLR_HEBERT_04-768x384.jpg 768w, https:\/\/yeti-architectes.fr\/wp-content\/uploads\/2022\/07\/YETI_DLR_HEBERT_04-300x150.jpg 300w, https:\/\/yeti-architectes.fr\/wp-content\/uploads\/2022\/07\/YETI_DLR_HEBERT_04-1024x512.jpg 1024w, https:\/\/yeti-architectes.fr\/wp-content\/uploads\/2022\/07\/YETI_DLR_HEBERT_04-1536x768.jpg 1536w, https:\/\/yeti-architectes.fr\/wp-content\/uploads\/2022\/07\/YETI_DLR_HEBERT_04-2048x1024.jpg 2048w\" sizes=\"(max-width: 768px) 100vw, 768px\" \/><\/a>\n\t\t\t<\/div><\/figure><figure class='gallery-item'>\n\t\t\t<div class='gallery-icon landscape'>\n\t\t\t\t<a data-elementor-open-lightbox=\"yes\" data-elementor-lightbox-slideshow=\"330309c\" data-elementor-lightbox-title=\"axo 4\" e-action-hash=\"#elementor-action%3Aaction%3Dlightbox%26settings%3DeyJpZCI6OTI2LCJ1cmwiOiJodHRwczpcL1wveWV0aS1hcmNoaXRlY3Rlcy5mclwvd3AtY29udGVudFwvdXBsb2Fkc1wvMjAyMlwvMDdcL2F4by00LmpwZyIsInNsaWRlc2hvdyI6IjMzMDMwOWMifQ%3D%3D\" href='https:\/\/yeti-architectes.fr\/wp-content\/uploads\/2022\/07\/axo-4.jpg'><img width=\"768\" height=\"324\" src=\"https:\/\/yeti-architectes.fr\/wp-content\/uploads\/2022\/07\/axo-4-768x324.jpg\" class=\"attachment-medium_large size-medium_large\" alt=\"\" loading=\"lazy\" srcset=\"https:\/\/yeti-architectes.fr\/wp-content\/uploads\/2022\/07\/axo-4-768x324.jpg 768w, https:\/\/yeti-architectes.fr\/wp-content\/uploads\/2022\/07\/axo-4-300x127.jpg 300w, https:\/\/yeti-architectes.fr\/wp-content\/uploads\/2022\/07\/axo-4-1024x433.jpg 1024w, https:\/\/yeti-architectes.fr\/wp-content\/uploads\/2022\/07\/axo-4-1536x649.jpg 1536w, https:\/\/yeti-architectes.fr\/wp-content\/uploads\/2022\/07\/axo-4.jpg 2000w\" sizes=\"(max-width: 768px) 100vw, 768px\" \/><\/a>\n\t\t\t<\/div><\/figure><figure class='gallery-item'>\n\t\t\t<div class='gallery-icon portrait'>\n\t\t\t\t<a data-elementor-open-lightbox=\"yes\" data-elementor-lightbox-slideshow=\"330309c\" data-elementor-lightbox-title=\"plan masse\" e-action-hash=\"#elementor-action%3Aaction%3Dlightbox%26settings%3DeyJpZCI6OTM1LCJ1cmwiOiJodHRwczpcL1wveWV0aS1hcmNoaXRlY3Rlcy5mclwvd3AtY29udGVudFwvdXBsb2Fkc1wvMjAyMlwvMDdcL3BsYW4tbWFzc2UtMi5qcGciLCJzbGlkZXNob3ciOiIzMzAzMDljIn0%3D\" href='https:\/\/yeti-architectes.fr\/wp-content\/uploads\/2022\/07\/plan-masse-2.jpg'><img width=\"768\" height=\"839\" src=\"https:\/\/yeti-architectes.fr\/wp-content\/uploads\/2022\/07\/plan-masse-2-768x839.jpg\" class=\"attachment-medium_large size-medium_large\" alt=\"\" loading=\"lazy\" srcset=\"https:\/\/yeti-architectes.fr\/wp-content\/uploads\/2022\/07\/plan-masse-2-768x839.jpg 768w, https:\/\/yeti-architectes.fr\/wp-content\/uploads\/2022\/07\/plan-masse-2-275x300.jpg 275w, https:\/\/yeti-architectes.fr\/wp-content\/uploads\/2022\/07\/plan-masse-2-937x1024.jpg 937w, https:\/\/yeti-architectes.fr\/wp-content\/uploads\/2022\/07\/plan-masse-2-1406x1536.jpg 1406w, https:\/\/yeti-architectes.fr\/wp-content\/uploads\/2022\/07\/plan-masse-2-1875x2048.jpg 1875w, https:\/\/yeti-architectes.fr\/wp-content\/uploads\/2022\/07\/plan-masse-2.jpg 2000w\" sizes=\"(max-width: 768px) 100vw, 768px\" \/><\/a>\n\t\t\t<\/div><\/figure><figure class='gallery-item'>\n\t\t\t<div class='gallery-icon landscape'>\n\t\t\t\t<a data-elementor-open-lightbox=\"yes\" data-elementor-lightbox-slideshow=\"330309c\" data-elementor-lightbox-title=\"schema 2\" e-action-hash=\"#elementor-action%3Aaction%3Dlightbox%26settings%3DeyJpZCI6OTYzLCJ1cmwiOiJodHRwczpcL1wveWV0aS1hcmNoaXRlY3Rlcy5mclwvd3AtY29udGVudFwvdXBsb2Fkc1wvMjAyMlwvMDdcL3NjaGVtYS0yLmpwZyIsInNsaWRlc2hvdyI6IjMzMDMwOWMifQ%3D%3D\" href='https:\/\/yeti-architectes.fr\/wp-content\/uploads\/2022\/07\/schema-2.jpg'><img width=\"768\" height=\"618\" src=\"https:\/\/yeti-architectes.fr\/wp-content\/uploads\/2022\/07\/schema-2-768x618.jpg\" class=\"attachment-medium_large size-medium_large\" alt=\"\" loading=\"lazy\" srcset=\"https:\/\/yeti-architectes.fr\/wp-content\/uploads\/2022\/07\/schema-2-768x618.jpg 768w, https:\/\/yeti-architectes.fr\/wp-content\/uploads\/2022\/07\/schema-2-300x242.jpg 300w, https:\/\/yeti-architectes.fr\/wp-content\/uploads\/2022\/07\/schema-2-1024x824.jpg 1024w, https:\/\/yeti-architectes.fr\/wp-content\/uploads\/2022\/07\/schema-2-1536x1236.jpg 1536w, https:\/\/yeti-architectes.fr\/wp-content\/uploads\/2022\/07\/schema-2.jpg 2000w\" sizes=\"(max-width: 768px) 100vw, 768px\" \/><\/a>\n\t\t\t<\/div><\/figure><figure class='gallery-item'>\n\t\t\t<div class='gallery-icon landscape'>\n\t\t\t\t<a data-elementor-open-lightbox=\"yes\" data-elementor-lightbox-slideshow=\"330309c\" data-elementor-lightbox-title=\"facade10\" e-action-hash=\"#elementor-action%3Aaction%3Dlightbox%26settings%3DeyJpZCI6MTIxMywidXJsIjoiaHR0cHM6XC9cL3lldGktYXJjaGl0ZWN0ZXMuZnJcL3dwLWNvbnRlbnRcL3VwbG9hZHNcLzIwMjJcLzA3XC9mYWNhZGUxMC0xLmpwZyIsInNsaWRlc2hvdyI6IjMzMDMwOWMifQ%3D%3D\" href='https:\/\/yeti-architectes.fr\/wp-content\/uploads\/2022\/07\/facade10-1.jpg'><img width=\"768\" height=\"172\" src=\"https:\/\/yeti-architectes.fr\/wp-content\/uploads\/2022\/07\/facade10-1-768x172.jpg\" class=\"attachment-medium_large size-medium_large\" alt=\"\" loading=\"lazy\" srcset=\"https:\/\/yeti-architectes.fr\/wp-content\/uploads\/2022\/07\/facade10-1-768x172.jpg 768w, https:\/\/yeti-architectes.fr\/wp-content\/uploads\/2022\/07\/facade10-1-300x67.jpg 300w, https:\/\/yeti-architectes.fr\/wp-content\/uploads\/2022\/07\/facade10-1-1024x230.jpg 1024w, https:\/\/yeti-architectes.fr\/wp-content\/uploads\/2022\/07\/facade10-1-1536x345.jpg 1536w, https:\/\/yeti-architectes.fr\/wp-content\/uploads\/2022\/07\/facade10-1.jpg 2000w\" sizes=\"(max-width: 768px) 100vw, 768px\" \/><\/a>\n\t\t\t<\/div><\/figure><figure class='gallery-item'>\n\t\t\t<div class='gallery-icon landscape'>\n\t\t\t\t<a data-elementor-open-lightbox=\"yes\" data-elementor-lightbox-slideshow=\"330309c\" data-elementor-lightbox-title=\"facade12\" e-action-hash=\"#elementor-action%3Aaction%3Dlightbox%26settings%3DeyJpZCI6MTI3MiwidXJsIjoiaHR0cHM6XC9cL3lldGktYXJjaGl0ZWN0ZXMuZnJcL3dwLWNvbnRlbnRcL3VwbG9hZHNcLzIwMjJcLzA3XC9mYWNhZGUxMi0xLmpwZyIsInNsaWRlc2hvdyI6IjMzMDMwOWMifQ%3D%3D\" href='https:\/\/yeti-architectes.fr\/wp-content\/uploads\/2022\/07\/facade12-1.jpg'><img width=\"768\" height=\"173\" src=\"https:\/\/yeti-architectes.fr\/wp-content\/uploads\/2022\/07\/facade12-1-768x173.jpg\" class=\"attachment-medium_large size-medium_large\" alt=\"\" loading=\"lazy\" srcset=\"https:\/\/yeti-architectes.fr\/wp-content\/uploads\/2022\/07\/facade12-1-768x173.jpg 768w, https:\/\/yeti-architectes.fr\/wp-content\/uploads\/2022\/07\/facade12-1-300x68.jpg 300w, https:\/\/yeti-architectes.fr\/wp-content\/uploads\/2022\/07\/facade12-1-1024x230.jpg 1024w, https:\/\/yeti-architectes.fr\/wp-content\/uploads\/2022\/07\/facade12-1-1536x346.jpg 1536w, https:\/\/yeti-architectes.fr\/wp-content\/uploads\/2022\/07\/facade12-1.jpg 2000w\" sizes=\"(max-width: 768px) 100vw, 768px\" \/><\/a>\n\t\t\t<\/div><\/figure>\n\t\t<\/div>\n\t\t<\/div>\n\t\t\t\t<\/div>\n\t\t\t\t<\/div>\n\t\t\t\t\t\t<\/div>\n\t\t\t\t\t<\/div>\n\t\t<\/div>\n\t\t\t\t\t\t\t\t<\/div>\n\t\t\t\t\t<\/div>\n\t\t<\/section>\n\t\t\t\t\t\t\t\t\t<\/div>\n\t\t\t<\/div>\n\t\t\t\t\t<\/div>\n\t\t","protected":false},"excerpt":{"rendered":"<p>88 logements Programme : 71 logements collectifs et 17 maisons group\u00e9es Localisation : DEVILLE LES ROUEN, rue H\u00e9bert Type de commande : priv\u00e9e Ma\u00eetre d&#8217;ouvrage : BOUYGUES IMMOBILIER Surfaces logements : 5303 m\u00b2 SHAB Co\u00fbt :NC \u20ac ht Avancement : Appel\u00a0 \u00e0 projet<\/p>\n","protected":false},"author":1,"featured_media":0,"parent":0,"menu_order":0,"comment_status":"closed","ping_status":"closed","template":"elementor_header_footer","meta":{"_mi_skip_tracking":false},"_links":{"self":[{"href":"https:\/\/yeti-architectes.fr\/index.php\/wp-json\/wp\/v2\/pages\/766"}],"collection":[{"href":"https:\/\/yeti-architectes.fr\/index.php\/wp-json\/wp\/v2\/pages"}],"about":[{"href":"https:\/\/yeti-architectes.fr\/index.php\/wp-json\/wp\/v2\/types\/page"}],"author":[{"embeddable":true,"href":"https:\/\/yeti-architectes.fr\/index.php\/wp-json\/wp\/v2\/users\/1"}],"replies":[{"embeddable":true,"href":"https:\/\/yeti-architectes.fr\/index.php\/wp-json\/wp\/v2\/comments?post=766"}],"version-history":[{"count":35,"href":"https:\/\/yeti-architectes.fr\/index.php\/wp-json\/wp\/v2\/pages\/766\/revisions"}],"predecessor-version":[{"id":1276,"href":"https:\/\/yeti-architectes.fr\/index.php\/wp-json\/wp\/v2\/pages\/766\/revisions\/1276"}],"wp:attachment":[{"href":"https:\/\/yeti-architectes.fr\/index.php\/wp-json\/wp\/v2\/media?parent=766"}],"curies":[{"name":"wp","href":"https:\/\/api.w.org\/{rel}","templated":true}]}}