{"id":777,"date":"2022-07-08T13:57:09","date_gmt":"2022-07-08T11:57:09","guid":{"rendered":"http:\/\/yeti-architectes.fr\/?page_id=777"},"modified":"2022-07-13T18:39:35","modified_gmt":"2022-07-13T16:39:35","slug":"22-logements-et-2-micro-creches","status":"publish","type":"page","link":"https:\/\/yeti-architectes.fr\/index.php\/22-logements-et-2-micro-creches\/","title":{"rendered":"22 logements et 2 micro-cr\u00e8ches"},"content":{"rendered":"\t\t<div data-elementor-type=\"wp-post\" data-elementor-id=\"777\" class=\"elementor elementor-777\">\n\t\t\t\t\t\t<div class=\"elementor-inner\">\n\t\t\t\t<div class=\"elementor-section-wrap\">\n\t\t\t\t\t\t\t\t\t<section class=\"elementor-section elementor-top-section elementor-element elementor-element-2cd7973 elementor-section-full_width elementor-section-height-default elementor-section-height-default\" data-id=\"2cd7973\" data-element_type=\"section\">\n\t\t\t\t\t\t<div class=\"elementor-container elementor-column-gap-no\">\n\t\t\t\t\t\t\t<div class=\"elementor-row\">\n\t\t\t\t\t<div class=\"elementor-column elementor-col-100 elementor-top-column elementor-element elementor-element-c5c6cf0\" data-id=\"c5c6cf0\" data-element_type=\"column\">\n\t\t\t<div class=\"elementor-column-wrap elementor-element-populated\">\n\t\t\t\t\t\t\t<div class=\"elementor-widget-wrap\">\n\t\t\t\t\t\t<div class=\"elementor-element elementor-element-29cd298 elementor-widget elementor-widget-heading\" data-id=\"29cd298\" data-element_type=\"widget\" data-widget_type=\"heading.default\">\n\t\t\t\t<div class=\"elementor-widget-container\">\n\t\t\t<h2 class=\"elementor-heading-title elementor-size-default\">22 logements et 2 micro-cr\u00e8ches<\/h2>\t\t<\/div>\n\t\t\t\t<\/div>\n\t\t\t\t<div class=\"elementor-element elementor-element-49a7809 elementor-widget__width-inherit elementor-widget elementor-widget-image\" data-id=\"49a7809\" data-element_type=\"widget\" data-widget_type=\"image.default\">\n\t\t\t\t<div class=\"elementor-widget-container\">\n\t\t\t\t\t\t\t\t<div class=\"elementor-image\">\n\t\t\t\t\t\t\t\t\t\t\t\t<img width=\"1536\" height=\"1097\" src=\"https:\/\/yeti-architectes.fr\/wp-content\/uploads\/2022\/07\/YETI_LE-HAVRE_ILOT_FINAL-V2-by-www.neraluce-studio.com_-1536x1097.jpg\" class=\"attachment-1536x1536 size-1536x1536\" alt=\"\" loading=\"lazy\" srcset=\"https:\/\/yeti-architectes.fr\/wp-content\/uploads\/2022\/07\/YETI_LE-HAVRE_ILOT_FINAL-V2-by-www.neraluce-studio.com_-1536x1097.jpg 1536w, https:\/\/yeti-architectes.fr\/wp-content\/uploads\/2022\/07\/YETI_LE-HAVRE_ILOT_FINAL-V2-by-www.neraluce-studio.com_-300x214.jpg 300w, https:\/\/yeti-architectes.fr\/wp-content\/uploads\/2022\/07\/YETI_LE-HAVRE_ILOT_FINAL-V2-by-www.neraluce-studio.com_-1024x732.jpg 1024w, https:\/\/yeti-architectes.fr\/wp-content\/uploads\/2022\/07\/YETI_LE-HAVRE_ILOT_FINAL-V2-by-www.neraluce-studio.com_-768x549.jpg 768w, https:\/\/yeti-architectes.fr\/wp-content\/uploads\/2022\/07\/YETI_LE-HAVRE_ILOT_FINAL-V2-by-www.neraluce-studio.com_-2048x1463.jpg 2048w\" sizes=\"(max-width: 1536px) 100vw, 1536px\" \/>\t\t\t\t\t\t\t\t\t\t\t\t\t\t<\/div>\n\t\t\t\t\t\t<\/div>\n\t\t\t\t<\/div>\n\t\t\t\t<div class=\"elementor-element elementor-element-70122b1 elementor-widget elementor-widget-text-editor\" data-id=\"70122b1\" data-element_type=\"widget\" data-widget_type=\"text-editor.default\">\n\t\t\t\t<div class=\"elementor-widget-container\">\n\t\t\t\t\t\t\t\t<div class=\"elementor-text-editor elementor-clearfix\">\n\t\t\t\t<p style=\"text-align: left;\"><strong>Programme : <\/strong>22 logements interm\u00e9diaires et individuels + 2 micro-cr\u00e8ches<\/p>\n<p><strong>Localisation :<\/strong> LE HAVRE, le Val Soleil<\/p>\n<p><strong>Type de commande :<\/strong> priv\u00e9e<\/p>\n<p><strong>Ma\u00eetre d&#8217;ouvrage :<\/strong> EDIFIDES<\/p>\n<p><strong>Surfaces logements :<\/strong> 1714 m\u00b2 SHAB<\/p>\n<p><strong>Co\u00fbt :<\/strong>NC \u20ac ht<\/p>\n<p><strong>Avancement :<\/strong> Appel&nbsp; \u00e0 projet<\/p>\t\t\t\t\t<\/div>\n\t\t\t\t\t\t<\/div>\n\t\t\t\t<\/div>\n\t\t\t\t<div class=\"elementor-element elementor-element-330309c elementor-widget__width-inherit elementor-widget elementor-widget-image-gallery\" data-id=\"330309c\" data-element_type=\"widget\" data-widget_type=\"image-gallery.default\">\n\t\t\t\t<div class=\"elementor-widget-container\">\n\t\t\t\t\t<div class=\"elementor-image-gallery\">\n\t\t\t<div id='gallery-1' class='gallery galleryid-777 gallery-columns-2 gallery-size-medium_large'><figure class='gallery-item'>\n\t\t\t<div class='gallery-icon landscape'>\n\t\t\t\t<a data-elementor-open-lightbox=\"yes\" data-elementor-lightbox-slideshow=\"330309c\" data-elementor-lightbox-title=\"YETI_LE HAVRE_CRECHE_FINAL V2 by www.neraluce-studio.com\" e-action-hash=\"#elementor-action%3Aaction%3Dlightbox%26settings%3DeyJpZCI6Nzc5LCJ1cmwiOiJodHRwczpcL1wveWV0aS1hcmNoaXRlY3Rlcy5mclwvd3AtY29udGVudFwvdXBsb2Fkc1wvMjAyMlwvMDdcL1lFVElfTEUtSEFWUkVfQ1JFQ0hFX0ZJTkFMLVYyLWJ5LXd3dy5uZXJhbHVjZS1zdHVkaW8uY29tXy5qcGciLCJzbGlkZXNob3ciOiIzMzAzMDljIn0%3D\" href='https:\/\/yeti-architectes.fr\/wp-content\/uploads\/2022\/07\/YETI_LE-HAVRE_CRECHE_FINAL-V2-by-www.neraluce-studio.com_.jpg'><img width=\"768\" height=\"549\" src=\"https:\/\/yeti-architectes.fr\/wp-content\/uploads\/2022\/07\/YETI_LE-HAVRE_CRECHE_FINAL-V2-by-www.neraluce-studio.com_-768x549.jpg\" class=\"attachment-medium_large size-medium_large\" alt=\"\" loading=\"lazy\" srcset=\"https:\/\/yeti-architectes.fr\/wp-content\/uploads\/2022\/07\/YETI_LE-HAVRE_CRECHE_FINAL-V2-by-www.neraluce-studio.com_-768x549.jpg 768w, https:\/\/yeti-architectes.fr\/wp-content\/uploads\/2022\/07\/YETI_LE-HAVRE_CRECHE_FINAL-V2-by-www.neraluce-studio.com_-300x214.jpg 300w, https:\/\/yeti-architectes.fr\/wp-content\/uploads\/2022\/07\/YETI_LE-HAVRE_CRECHE_FINAL-V2-by-www.neraluce-studio.com_-1024x732.jpg 1024w, https:\/\/yeti-architectes.fr\/wp-content\/uploads\/2022\/07\/YETI_LE-HAVRE_CRECHE_FINAL-V2-by-www.neraluce-studio.com_-1536x1097.jpg 1536w, https:\/\/yeti-architectes.fr\/wp-content\/uploads\/2022\/07\/YETI_LE-HAVRE_CRECHE_FINAL-V2-by-www.neraluce-studio.com_.jpg 2000w\" sizes=\"(max-width: 768px) 100vw, 768px\" \/><\/a>\n\t\t\t<\/div><\/figure><figure class='gallery-item'>\n\t\t\t<div class='gallery-icon landscape'>\n\t\t\t\t<a data-elementor-open-lightbox=\"yes\" data-elementor-lightbox-slideshow=\"330309c\" data-elementor-lightbox-title=\"plan masse\" e-action-hash=\"#elementor-action%3Aaction%3Dlightbox%26settings%3DeyJpZCI6OTQwLCJ1cmwiOiJodHRwczpcL1wveWV0aS1hcmNoaXRlY3Rlcy5mclwvd3AtY29udGVudFwvdXBsb2Fkc1wvMjAyMlwvMDdcL3BsYW4tbWFzc2UtMy5qcGciLCJzbGlkZXNob3ciOiIzMzAzMDljIn0%3D\" href='https:\/\/yeti-architectes.fr\/wp-content\/uploads\/2022\/07\/plan-masse-3.jpg'><img width=\"768\" height=\"616\" src=\"https:\/\/yeti-architectes.fr\/wp-content\/uploads\/2022\/07\/plan-masse-3-768x616.jpg\" class=\"attachment-medium_large size-medium_large\" alt=\"\" loading=\"lazy\" srcset=\"https:\/\/yeti-architectes.fr\/wp-content\/uploads\/2022\/07\/plan-masse-3-768x616.jpg 768w, https:\/\/yeti-architectes.fr\/wp-content\/uploads\/2022\/07\/plan-masse-3-300x241.jpg 300w, https:\/\/yeti-architectes.fr\/wp-content\/uploads\/2022\/07\/plan-masse-3-1024x822.jpg 1024w, https:\/\/yeti-architectes.fr\/wp-content\/uploads\/2022\/07\/plan-masse-3-1536x1233.jpg 1536w, https:\/\/yeti-architectes.fr\/wp-content\/uploads\/2022\/07\/plan-masse-3.jpg 2000w\" sizes=\"(max-width: 768px) 100vw, 768px\" \/><\/a>\n\t\t\t<\/div><\/figure><figure class='gallery-item'>\n\t\t\t<div class='gallery-icon landscape'>\n\t\t\t\t<a data-elementor-open-lightbox=\"yes\" data-elementor-lightbox-slideshow=\"330309c\" data-elementor-lightbox-title=\"YETI_LE HAVRE_AER 01_FINAL by www.neraluce-studio.com\" e-action-hash=\"#elementor-action%3Aaction%3Dlightbox%26settings%3DeyJpZCI6OTQyLCJ1cmwiOiJodHRwczpcL1wveWV0aS1hcmNoaXRlY3Rlcy5mclwvd3AtY29udGVudFwvdXBsb2Fkc1wvMjAyMlwvMDdcL1lFVElfTEUtSEFWUkVfQUVSLTAxX0ZJTkFMLWJ5LXd3dy5uZXJhbHVjZS1zdHVkaW8uY29tXy5qcGciLCJzbGlkZXNob3ciOiIzMzAzMDljIn0%3D\" href='https:\/\/yeti-architectes.fr\/wp-content\/uploads\/2022\/07\/YETI_LE-HAVRE_AER-01_FINAL-by-www.neraluce-studio.com_.jpg'><img width=\"768\" height=\"512\" src=\"https:\/\/yeti-architectes.fr\/wp-content\/uploads\/2022\/07\/YETI_LE-HAVRE_AER-01_FINAL-by-www.neraluce-studio.com_-768x512.jpg\" class=\"attachment-medium_large size-medium_large\" alt=\"\" loading=\"lazy\" srcset=\"https:\/\/yeti-architectes.fr\/wp-content\/uploads\/2022\/07\/YETI_LE-HAVRE_AER-01_FINAL-by-www.neraluce-studio.com_-768x512.jpg 768w, https:\/\/yeti-architectes.fr\/wp-content\/uploads\/2022\/07\/YETI_LE-HAVRE_AER-01_FINAL-by-www.neraluce-studio.com_-300x200.jpg 300w, https:\/\/yeti-architectes.fr\/wp-content\/uploads\/2022\/07\/YETI_LE-HAVRE_AER-01_FINAL-by-www.neraluce-studio.com_-1024x682.jpg 1024w, https:\/\/yeti-architectes.fr\/wp-content\/uploads\/2022\/07\/YETI_LE-HAVRE_AER-01_FINAL-by-www.neraluce-studio.com_-1536x1024.jpg 1536w, https:\/\/yeti-architectes.fr\/wp-content\/uploads\/2022\/07\/YETI_LE-HAVRE_AER-01_FINAL-by-www.neraluce-studio.com_.jpg 2000w\" sizes=\"(max-width: 768px) 100vw, 768px\" \/><\/a>\n\t\t\t<\/div><\/figure><figure class='gallery-item'>\n\t\t\t<div class='gallery-icon landscape'>\n\t\t\t\t<a data-elementor-open-lightbox=\"yes\" data-elementor-lightbox-slideshow=\"330309c\" data-elementor-lightbox-title=\"YETI_LE HAVRE_AER 02_FINAL by www.neraluce-studio.com\" e-action-hash=\"#elementor-action%3Aaction%3Dlightbox%26settings%3DeyJpZCI6OTQzLCJ1cmwiOiJodHRwczpcL1wveWV0aS1hcmNoaXRlY3Rlcy5mclwvd3AtY29udGVudFwvdXBsb2Fkc1wvMjAyMlwvMDdcL1lFVElfTEUtSEFWUkVfQUVSLTAyX0ZJTkFMLWJ5LXd3dy5uZXJhbHVjZS1zdHVkaW8uY29tXy5qcGciLCJzbGlkZXNob3ciOiIzMzAzMDljIn0%3D\" href='https:\/\/yeti-architectes.fr\/wp-content\/uploads\/2022\/07\/YETI_LE-HAVRE_AER-02_FINAL-by-www.neraluce-studio.com_.jpg'><img width=\"768\" height=\"512\" src=\"https:\/\/yeti-architectes.fr\/wp-content\/uploads\/2022\/07\/YETI_LE-HAVRE_AER-02_FINAL-by-www.neraluce-studio.com_-768x512.jpg\" class=\"attachment-medium_large size-medium_large\" alt=\"\" loading=\"lazy\" srcset=\"https:\/\/yeti-architectes.fr\/wp-content\/uploads\/2022\/07\/YETI_LE-HAVRE_AER-02_FINAL-by-www.neraluce-studio.com_-768x512.jpg 768w, https:\/\/yeti-architectes.fr\/wp-content\/uploads\/2022\/07\/YETI_LE-HAVRE_AER-02_FINAL-by-www.neraluce-studio.com_-300x200.jpg 300w, https:\/\/yeti-architectes.fr\/wp-content\/uploads\/2022\/07\/YETI_LE-HAVRE_AER-02_FINAL-by-www.neraluce-studio.com_-1024x682.jpg 1024w, https:\/\/yeti-architectes.fr\/wp-content\/uploads\/2022\/07\/YETI_LE-HAVRE_AER-02_FINAL-by-www.neraluce-studio.com_-1536x1024.jpg 1536w, https:\/\/yeti-architectes.fr\/wp-content\/uploads\/2022\/07\/YETI_LE-HAVRE_AER-02_FINAL-by-www.neraluce-studio.com_.jpg 2000w\" sizes=\"(max-width: 768px) 100vw, 768px\" \/><\/a>\n\t\t\t<\/div><\/figure><figure class='gallery-item'>\n\t\t\t<div class='gallery-icon landscape'>\n\t\t\t\t<a data-elementor-open-lightbox=\"yes\" data-elementor-lightbox-slideshow=\"330309c\" data-elementor-lightbox-title=\"facade1\" e-action-hash=\"#elementor-action%3Aaction%3Dlightbox%26settings%3DeyJpZCI6OTY4LCJ1cmwiOiJodHRwczpcL1wveWV0aS1hcmNoaXRlY3Rlcy5mclwvd3AtY29udGVudFwvdXBsb2Fkc1wvMjAyMlwvMDdcL2ZhY2FkZTEuanBnIiwic2xpZGVzaG93IjoiMzMwMzA5YyJ9\" href='https:\/\/yeti-architectes.fr\/wp-content\/uploads\/2022\/07\/facade1.jpg'><img width=\"768\" height=\"252\" src=\"https:\/\/yeti-architectes.fr\/wp-content\/uploads\/2022\/07\/facade1-768x252.jpg\" class=\"attachment-medium_large size-medium_large\" alt=\"\" loading=\"lazy\" srcset=\"https:\/\/yeti-architectes.fr\/wp-content\/uploads\/2022\/07\/facade1-768x252.jpg 768w, https:\/\/yeti-architectes.fr\/wp-content\/uploads\/2022\/07\/facade1-300x98.jpg 300w, https:\/\/yeti-architectes.fr\/wp-content\/uploads\/2022\/07\/facade1-1024x335.jpg 1024w, https:\/\/yeti-architectes.fr\/wp-content\/uploads\/2022\/07\/facade1-1536x503.jpg 1536w, https:\/\/yeti-architectes.fr\/wp-content\/uploads\/2022\/07\/facade1.jpg 2000w\" sizes=\"(max-width: 768px) 100vw, 768px\" \/><\/a>\n\t\t\t<\/div><\/figure><figure class='gallery-item'>\n\t\t\t<div class='gallery-icon landscape'>\n\t\t\t\t<a data-elementor-open-lightbox=\"yes\" data-elementor-lightbox-slideshow=\"330309c\" data-elementor-lightbox-title=\"facade2\" e-action-hash=\"#elementor-action%3Aaction%3Dlightbox%26settings%3DeyJpZCI6OTY5LCJ1cmwiOiJodHRwczpcL1wveWV0aS1hcmNoaXRlY3Rlcy5mclwvd3AtY29udGVudFwvdXBsb2Fkc1wvMjAyMlwvMDdcL2ZhY2FkZTIuanBnIiwic2xpZGVzaG93IjoiMzMwMzA5YyJ9\" href='https:\/\/yeti-architectes.fr\/wp-content\/uploads\/2022\/07\/facade2.jpg'><img width=\"768\" height=\"251\" src=\"https:\/\/yeti-architectes.fr\/wp-content\/uploads\/2022\/07\/facade2-768x251.jpg\" class=\"attachment-medium_large size-medium_large\" alt=\"\" loading=\"lazy\" srcset=\"https:\/\/yeti-architectes.fr\/wp-content\/uploads\/2022\/07\/facade2-768x251.jpg 768w, https:\/\/yeti-architectes.fr\/wp-content\/uploads\/2022\/07\/facade2-300x98.jpg 300w, https:\/\/yeti-architectes.fr\/wp-content\/uploads\/2022\/07\/facade2-1024x335.jpg 1024w, https:\/\/yeti-architectes.fr\/wp-content\/uploads\/2022\/07\/facade2-1536x502.jpg 1536w, https:\/\/yeti-architectes.fr\/wp-content\/uploads\/2022\/07\/facade2.jpg 2000w\" sizes=\"(max-width: 768px) 100vw, 768px\" \/><\/a>\n\t\t\t<\/div><\/figure><figure class='gallery-item'>\n\t\t\t<div class='gallery-icon landscape'>\n\t\t\t\t<a data-elementor-open-lightbox=\"yes\" data-elementor-lightbox-slideshow=\"330309c\" data-elementor-lightbox-title=\"axo typologie3\" e-action-hash=\"#elementor-action%3Aaction%3Dlightbox%26settings%3DeyJpZCI6MTE0NSwidXJsIjoiaHR0cHM6XC9cL3lldGktYXJjaGl0ZWN0ZXMuZnJcL3dwLWNvbnRlbnRcL3VwbG9hZHNcLzIwMjJcLzA3XC9heG8tdHlwb2xvZ2llMy5qcGciLCJzbGlkZXNob3ciOiIzMzAzMDljIn0%3D\" href='https:\/\/yeti-architectes.fr\/wp-content\/uploads\/2022\/07\/axo-typologie3.jpg'><img width=\"768\" height=\"216\" src=\"https:\/\/yeti-architectes.fr\/wp-content\/uploads\/2022\/07\/axo-typologie3-768x216.jpg\" class=\"attachment-medium_large size-medium_large\" alt=\"\" loading=\"lazy\" srcset=\"https:\/\/yeti-architectes.fr\/wp-content\/uploads\/2022\/07\/axo-typologie3-768x216.jpg 768w, https:\/\/yeti-architectes.fr\/wp-content\/uploads\/2022\/07\/axo-typologie3-300x84.jpg 300w, https:\/\/yeti-architectes.fr\/wp-content\/uploads\/2022\/07\/axo-typologie3-1024x288.jpg 1024w, https:\/\/yeti-architectes.fr\/wp-content\/uploads\/2022\/07\/axo-typologie3-1536x432.jpg 1536w, https:\/\/yeti-architectes.fr\/wp-content\/uploads\/2022\/07\/axo-typologie3.jpg 2000w\" sizes=\"(max-width: 768px) 100vw, 768px\" \/><\/a>\n\t\t\t<\/div><\/figure>\n\t\t<\/div>\n\t\t<\/div>\n\t\t\t\t<\/div>\n\t\t\t\t<\/div>\n\t\t\t\t\t\t<\/div>\n\t\t\t\t\t<\/div>\n\t\t<\/div>\n\t\t\t\t\t\t\t\t<\/div>\n\t\t\t\t\t<\/div>\n\t\t<\/section>\n\t\t\t\t\t\t\t\t\t<\/div>\n\t\t\t<\/div>\n\t\t\t\t\t<\/div>\n\t\t","protected":false},"excerpt":{"rendered":"<p>22 logements et 2 micro-cr\u00e8ches Programme : 22 logements interm\u00e9diaires et individuels + 2 micro-cr\u00e8ches Localisation : LE HAVRE, le Val Soleil Type de commande : priv\u00e9e Ma\u00eetre d&#8217;ouvrage : EDIFIDES Surfaces logements : 1714 m\u00b2 SHAB Co\u00fbt :NC \u20ac ht Avancement : Appel&nbsp; \u00e0 projet<\/p>\n","protected":false},"author":1,"featured_media":0,"parent":0,"menu_order":0,"comment_status":"closed","ping_status":"closed","template":"elementor_header_footer","meta":{"_mi_skip_tracking":false},"_links":{"self":[{"href":"https:\/\/yeti-architectes.fr\/index.php\/wp-json\/wp\/v2\/pages\/777"}],"collection":[{"href":"https:\/\/yeti-architectes.fr\/index.php\/wp-json\/wp\/v2\/pages"}],"about":[{"href":"https:\/\/yeti-architectes.fr\/index.php\/wp-json\/wp\/v2\/types\/page"}],"author":[{"embeddable":true,"href":"https:\/\/yeti-architectes.fr\/index.php\/wp-json\/wp\/v2\/users\/1"}],"replies":[{"embeddable":true,"href":"https:\/\/yeti-architectes.fr\/index.php\/wp-json\/wp\/v2\/comments?post=777"}],"version-history":[{"count":20,"href":"https:\/\/yeti-architectes.fr\/index.php\/wp-json\/wp\/v2\/pages\/777\/revisions"}],"predecessor-version":[{"id":1148,"href":"https:\/\/yeti-architectes.fr\/index.php\/wp-json\/wp\/v2\/pages\/777\/revisions\/1148"}],"wp:attachment":[{"href":"https:\/\/yeti-architectes.fr\/index.php\/wp-json\/wp\/v2\/media?parent=777"}],"curies":[{"name":"wp","href":"https:\/\/api.w.org\/{rel}","templated":true}]}}