{"id":840,"date":"2022-07-08T14:57:27","date_gmt":"2022-07-08T12:57:27","guid":{"rendered":"http:\/\/yeti-architectes.fr\/?page_id=840"},"modified":"2022-07-13T18:35:30","modified_gmt":"2022-07-13T16:35:30","slug":"12-logements","status":"publish","type":"page","link":"https:\/\/yeti-architectes.fr\/index.php\/12-logements\/","title":{"rendered":"12 logements &#8211; l&#8217;isle adam"},"content":{"rendered":"\t\t<div data-elementor-type=\"wp-post\" data-elementor-id=\"840\" class=\"elementor elementor-840\">\n\t\t\t\t\t\t<div class=\"elementor-inner\">\n\t\t\t\t<div class=\"elementor-section-wrap\">\n\t\t\t\t\t\t\t\t\t<section class=\"elementor-section elementor-top-section elementor-element elementor-element-2cd7973 elementor-section-full_width elementor-section-height-default elementor-section-height-default\" data-id=\"2cd7973\" data-element_type=\"section\">\n\t\t\t\t\t\t<div class=\"elementor-container elementor-column-gap-no\">\n\t\t\t\t\t\t\t<div class=\"elementor-row\">\n\t\t\t\t\t<div class=\"elementor-column elementor-col-100 elementor-top-column elementor-element elementor-element-c5c6cf0\" data-id=\"c5c6cf0\" data-element_type=\"column\">\n\t\t\t<div class=\"elementor-column-wrap elementor-element-populated\">\n\t\t\t\t\t\t\t<div class=\"elementor-widget-wrap\">\n\t\t\t\t\t\t<div class=\"elementor-element elementor-element-29cd298 elementor-widget elementor-widget-heading\" data-id=\"29cd298\" data-element_type=\"widget\" data-widget_type=\"heading.default\">\n\t\t\t\t<div class=\"elementor-widget-container\">\n\t\t\t<h2 class=\"elementor-heading-title elementor-size-default\">12 logements<\/h2>\t\t<\/div>\n\t\t\t\t<\/div>\n\t\t\t\t<div class=\"elementor-element elementor-element-49a7809 elementor-widget__width-inherit elementor-widget elementor-widget-image\" data-id=\"49a7809\" data-element_type=\"widget\" data-widget_type=\"image.default\">\n\t\t\t\t<div class=\"elementor-widget-container\">\n\t\t\t\t\t\t\t\t<div class=\"elementor-image\">\n\t\t\t\t\t\t\t\t\t\t\t\t<img width=\"1536\" height=\"864\" src=\"https:\/\/yeti-architectes.fr\/wp-content\/uploads\/2022\/07\/Image7-1536x864.jpg\" class=\"attachment-1536x1536 size-1536x1536\" alt=\"\" loading=\"lazy\" srcset=\"https:\/\/yeti-architectes.fr\/wp-content\/uploads\/2022\/07\/Image7-1536x864.jpg 1536w, https:\/\/yeti-architectes.fr\/wp-content\/uploads\/2022\/07\/Image7-300x169.jpg 300w, https:\/\/yeti-architectes.fr\/wp-content\/uploads\/2022\/07\/Image7-1024x576.jpg 1024w, https:\/\/yeti-architectes.fr\/wp-content\/uploads\/2022\/07\/Image7-768x432.jpg 768w, https:\/\/yeti-architectes.fr\/wp-content\/uploads\/2022\/07\/Image7.jpg 2000w\" sizes=\"(max-width: 1536px) 100vw, 1536px\" \/>\t\t\t\t\t\t\t\t\t\t\t\t\t\t<\/div>\n\t\t\t\t\t\t<\/div>\n\t\t\t\t<\/div>\n\t\t\t\t<div class=\"elementor-element elementor-element-70122b1 elementor-widget elementor-widget-text-editor\" data-id=\"70122b1\" data-element_type=\"widget\" data-widget_type=\"text-editor.default\">\n\t\t\t\t<div class=\"elementor-widget-container\">\n\t\t\t\t\t\t\t\t<div class=\"elementor-text-editor elementor-clearfix\">\n\t\t\t\t<p style=\"text-align: left;\"><strong>Programme : <\/strong>10 logements individuels et 2 logements interm\u00e9diaires<\/p>\n<p><strong>Localisation :<\/strong> L&#8217;ISLE ADAM, rue de la Madeleine<\/p>\n<p><strong>Type de commande :<\/strong> priv\u00e9e<\/p>\n<p><strong>Ma\u00eetre d&#8217;ouvrage :<\/strong> FONCIM<\/p>\n<p><strong>Surfaces logements :<\/strong> 1366 m\u00b2 SHAB<\/p>\n<p><strong>Co\u00fbt :<\/strong> 1 917 000 \u20ac ht<\/p>\n<p><strong>Avancement :<\/strong>&nbsp;PC<\/p>\t\t\t\t\t<\/div>\n\t\t\t\t\t\t<\/div>\n\t\t\t\t<\/div>\n\t\t\t\t<div class=\"elementor-element elementor-element-330309c elementor-widget__width-inherit elementor-widget elementor-widget-image-gallery\" data-id=\"330309c\" data-element_type=\"widget\" data-widget_type=\"image-gallery.default\">\n\t\t\t\t<div class=\"elementor-widget-container\">\n\t\t\t\t\t<div class=\"elementor-image-gallery\">\n\t\t\t<div id='gallery-1' class='gallery galleryid-840 gallery-columns-2 gallery-size-medium_large'><figure class='gallery-item'>\n\t\t\t<div class='gallery-icon landscape'>\n\t\t\t\t<a data-elementor-open-lightbox=\"yes\" data-elementor-lightbox-slideshow=\"330309c\" data-elementor-lightbox-title=\"Z:\ufffd0-plans\ufffd1-Affaire20-L-05 maisons  - l&#039;isle adam - foncim\ufffd\" e-action-hash=\"#elementor-action%3Aaction%3Dlightbox%26settings%3DeyJpZCI6ODIwLCJ1cmwiOiJodHRwczpcL1wveWV0aS1hcmNoaXRlY3Rlcy5mclwvd3AtY29udGVudFwvdXBsb2Fkc1wvMjAyMlwvMDdcL0lzbGUtYWRhbS1wbGFuLW1hc3NlLmpwZyIsInNsaWRlc2hvdyI6IjMzMDMwOWMifQ%3D%3D\" href='https:\/\/yeti-architectes.fr\/wp-content\/uploads\/2022\/07\/Isle-adam-plan-masse.jpg'><img width=\"768\" height=\"481\" src=\"https:\/\/yeti-architectes.fr\/wp-content\/uploads\/2022\/07\/Isle-adam-plan-masse-768x481.jpg\" class=\"attachment-medium_large size-medium_large\" alt=\"\" loading=\"lazy\" srcset=\"https:\/\/yeti-architectes.fr\/wp-content\/uploads\/2022\/07\/Isle-adam-plan-masse-768x481.jpg 768w, https:\/\/yeti-architectes.fr\/wp-content\/uploads\/2022\/07\/Isle-adam-plan-masse-300x188.jpg 300w, https:\/\/yeti-architectes.fr\/wp-content\/uploads\/2022\/07\/Isle-adam-plan-masse-1024x641.jpg 1024w, https:\/\/yeti-architectes.fr\/wp-content\/uploads\/2022\/07\/Isle-adam-plan-masse-1536x962.jpg 1536w, https:\/\/yeti-architectes.fr\/wp-content\/uploads\/2022\/07\/Isle-adam-plan-masse.jpg 2000w\" sizes=\"(max-width: 768px) 100vw, 768px\" \/><\/a>\n\t\t\t<\/div><\/figure><figure class='gallery-item'>\n\t\t\t<div class='gallery-icon landscape'>\n\t\t\t\t<a data-elementor-open-lightbox=\"yes\" data-elementor-lightbox-slideshow=\"330309c\" data-elementor-lightbox-title=\"Image11\" e-action-hash=\"#elementor-action%3Aaction%3Dlightbox%26settings%3DeyJpZCI6MTE0MCwidXJsIjoiaHR0cHM6XC9cL3lldGktYXJjaGl0ZWN0ZXMuZnJcL3dwLWNvbnRlbnRcL3VwbG9hZHNcLzIwMjJcLzA3XC9JbWFnZTExLmpwZyIsInNsaWRlc2hvdyI6IjMzMDMwOWMifQ%3D%3D\" href='https:\/\/yeti-architectes.fr\/wp-content\/uploads\/2022\/07\/Image11.jpg'><img width=\"768\" height=\"432\" src=\"https:\/\/yeti-architectes.fr\/wp-content\/uploads\/2022\/07\/Image11-768x432.jpg\" class=\"attachment-medium_large size-medium_large\" alt=\"\" loading=\"lazy\" srcset=\"https:\/\/yeti-architectes.fr\/wp-content\/uploads\/2022\/07\/Image11-768x432.jpg 768w, https:\/\/yeti-architectes.fr\/wp-content\/uploads\/2022\/07\/Image11-300x169.jpg 300w, https:\/\/yeti-architectes.fr\/wp-content\/uploads\/2022\/07\/Image11-1024x576.jpg 1024w, https:\/\/yeti-architectes.fr\/wp-content\/uploads\/2022\/07\/Image11-1536x864.jpg 1536w, https:\/\/yeti-architectes.fr\/wp-content\/uploads\/2022\/07\/Image11.jpg 2000w\" sizes=\"(max-width: 768px) 100vw, 768px\" \/><\/a>\n\t\t\t<\/div><\/figure><figure class='gallery-item'>\n\t\t\t<div class='gallery-icon landscape'>\n\t\t\t\t<a data-elementor-open-lightbox=\"yes\" data-elementor-lightbox-slideshow=\"330309c\" data-elementor-lightbox-title=\"Image8\" e-action-hash=\"#elementor-action%3Aaction%3Dlightbox%26settings%3DeyJpZCI6MTE0MSwidXJsIjoiaHR0cHM6XC9cL3lldGktYXJjaGl0ZWN0ZXMuZnJcL3dwLWNvbnRlbnRcL3VwbG9hZHNcLzIwMjJcLzA3XC9JbWFnZTgucG5nIiwic2xpZGVzaG93IjoiMzMwMzA5YyJ9\" href='https:\/\/yeti-architectes.fr\/wp-content\/uploads\/2022\/07\/Image8.png'><img width=\"768\" height=\"432\" src=\"https:\/\/yeti-architectes.fr\/wp-content\/uploads\/2022\/07\/Image8-768x432.png\" class=\"attachment-medium_large size-medium_large\" alt=\"\" loading=\"lazy\" srcset=\"https:\/\/yeti-architectes.fr\/wp-content\/uploads\/2022\/07\/Image8-768x432.png 768w, https:\/\/yeti-architectes.fr\/wp-content\/uploads\/2022\/07\/Image8-300x169.png 300w, https:\/\/yeti-architectes.fr\/wp-content\/uploads\/2022\/07\/Image8-1024x576.png 1024w, https:\/\/yeti-architectes.fr\/wp-content\/uploads\/2022\/07\/Image8-1536x864.png 1536w, https:\/\/yeti-architectes.fr\/wp-content\/uploads\/2022\/07\/Image8.png 1920w\" sizes=\"(max-width: 768px) 100vw, 768px\" \/><\/a>\n\t\t\t<\/div><\/figure><figure class='gallery-item'>\n\t\t\t<div class='gallery-icon landscape'>\n\t\t\t\t<a data-elementor-open-lightbox=\"yes\" data-elementor-lightbox-slideshow=\"330309c\" data-elementor-lightbox-title=\"facade\" e-action-hash=\"#elementor-action%3Aaction%3Dlightbox%26settings%3DeyJpZCI6OTgzLCJ1cmwiOiJodHRwczpcL1wveWV0aS1hcmNoaXRlY3Rlcy5mclwvd3AtY29udGVudFwvdXBsb2Fkc1wvMjAyMlwvMDdcL2ZhY2FkZS5qcGciLCJzbGlkZXNob3ciOiIzMzAzMDljIn0%3D\" href='https:\/\/yeti-architectes.fr\/wp-content\/uploads\/2022\/07\/facade.jpg'><img width=\"768\" height=\"151\" src=\"https:\/\/yeti-architectes.fr\/wp-content\/uploads\/2022\/07\/facade-768x151.jpg\" class=\"attachment-medium_large size-medium_large\" alt=\"\" loading=\"lazy\" srcset=\"https:\/\/yeti-architectes.fr\/wp-content\/uploads\/2022\/07\/facade-768x151.jpg 768w, https:\/\/yeti-architectes.fr\/wp-content\/uploads\/2022\/07\/facade-300x59.jpg 300w, https:\/\/yeti-architectes.fr\/wp-content\/uploads\/2022\/07\/facade-1024x201.jpg 1024w, https:\/\/yeti-architectes.fr\/wp-content\/uploads\/2022\/07\/facade-1536x301.jpg 1536w, https:\/\/yeti-architectes.fr\/wp-content\/uploads\/2022\/07\/facade.jpg 2000w\" sizes=\"(max-width: 768px) 100vw, 768px\" \/><\/a>\n\t\t\t<\/div><\/figure>\n\t\t<\/div>\n\t\t<\/div>\n\t\t\t\t<\/div>\n\t\t\t\t<\/div>\n\t\t\t\t\t\t<\/div>\n\t\t\t\t\t<\/div>\n\t\t<\/div>\n\t\t\t\t\t\t\t\t<\/div>\n\t\t\t\t\t<\/div>\n\t\t<\/section>\n\t\t\t\t\t\t\t\t\t<\/div>\n\t\t\t<\/div>\n\t\t\t\t\t<\/div>\n\t\t","protected":false},"excerpt":{"rendered":"<p>12 logements Programme : 10 logements individuels et 2 logements interm\u00e9diaires Localisation : L&#8217;ISLE ADAM, rue de la Madeleine Type de commande : priv\u00e9e Ma\u00eetre d&#8217;ouvrage : FONCIM Surfaces logements : 1366 m\u00b2 SHAB Co\u00fbt : 1 917 000 \u20ac ht Avancement :&nbsp;PC<\/p>\n","protected":false},"author":1,"featured_media":0,"parent":0,"menu_order":0,"comment_status":"closed","ping_status":"closed","template":"elementor_header_footer","meta":{"_mi_skip_tracking":false},"_links":{"self":[{"href":"https:\/\/yeti-architectes.fr\/index.php\/wp-json\/wp\/v2\/pages\/840"}],"collection":[{"href":"https:\/\/yeti-architectes.fr\/index.php\/wp-json\/wp\/v2\/pages"}],"about":[{"href":"https:\/\/yeti-architectes.fr\/index.php\/wp-json\/wp\/v2\/types\/page"}],"author":[{"embeddable":true,"href":"https:\/\/yeti-architectes.fr\/index.php\/wp-json\/wp\/v2\/users\/1"}],"replies":[{"embeddable":true,"href":"https:\/\/yeti-architectes.fr\/index.php\/wp-json\/wp\/v2\/comments?post=840"}],"version-history":[{"count":20,"href":"https:\/\/yeti-architectes.fr\/index.php\/wp-json\/wp\/v2\/pages\/840\/revisions"}],"predecessor-version":[{"id":1144,"href":"https:\/\/yeti-architectes.fr\/index.php\/wp-json\/wp\/v2\/pages\/840\/revisions\/1144"}],"wp:attachment":[{"href":"https:\/\/yeti-architectes.fr\/index.php\/wp-json\/wp\/v2\/media?parent=840"}],"curies":[{"name":"wp","href":"https:\/\/api.w.org\/{rel}","templated":true}]}}