{"id":860,"date":"2022-07-08T15:10:14","date_gmt":"2022-07-08T13:10:14","guid":{"rendered":"http:\/\/yeti-architectes.fr\/?page_id=860"},"modified":"2022-07-13T15:48:50","modified_gmt":"2022-07-13T13:48:50","slug":"82-logements-bd-orleans-rouen","status":"publish","type":"page","link":"https:\/\/yeti-architectes.fr\/index.php\/82-logements-bd-orleans-rouen\/","title":{"rendered":"82 logements  &#8211; bd orl\u00e9ans &#8211; rouen"},"content":{"rendered":"\t\t<div data-elementor-type=\"wp-post\" data-elementor-id=\"860\" class=\"elementor elementor-860\">\n\t\t\t\t\t\t<div class=\"elementor-inner\">\n\t\t\t\t<div class=\"elementor-section-wrap\">\n\t\t\t\t\t\t\t\t\t<section class=\"elementor-section elementor-top-section elementor-element elementor-element-2cd7973 elementor-section-full_width elementor-section-height-default elementor-section-height-default\" data-id=\"2cd7973\" data-element_type=\"section\">\n\t\t\t\t\t\t<div class=\"elementor-container elementor-column-gap-no\">\n\t\t\t\t\t\t\t<div class=\"elementor-row\">\n\t\t\t\t\t<div class=\"elementor-column elementor-col-100 elementor-top-column elementor-element elementor-element-c5c6cf0\" data-id=\"c5c6cf0\" data-element_type=\"column\">\n\t\t\t<div class=\"elementor-column-wrap elementor-element-populated\">\n\t\t\t\t\t\t\t<div class=\"elementor-widget-wrap\">\n\t\t\t\t\t\t<div class=\"elementor-element elementor-element-29cd298 elementor-widget elementor-widget-heading\" data-id=\"29cd298\" data-element_type=\"widget\" data-widget_type=\"heading.default\">\n\t\t\t\t<div class=\"elementor-widget-container\">\n\t\t\t<h2 class=\"elementor-heading-title elementor-size-default\">82 logements<\/h2>\t\t<\/div>\n\t\t\t\t<\/div>\n\t\t\t\t<div class=\"elementor-element elementor-element-49a7809 elementor-widget__width-inherit elementor-widget elementor-widget-image\" data-id=\"49a7809\" data-element_type=\"widget\" data-widget_type=\"image.default\">\n\t\t\t\t<div class=\"elementor-widget-container\">\n\t\t\t\t\t\t\t\t<div class=\"elementor-image\">\n\t\t\t\t\t\t\t\t\t\t\t\t\t<a href=\"http:\/\/yeti-architectes.fr\/index.php\/82-logements---bd-orleans---rouen\/\">\n\t\t\t\t\t\t\t<img width=\"1536\" height=\"1075\" src=\"https:\/\/yeti-architectes.fr\/wp-content\/uploads\/2022\/07\/P1-YETI-BD-ORLEANS-01b-1536x1075.jpg\" class=\"attachment-1536x1536 size-1536x1536\" alt=\"\" loading=\"lazy\" srcset=\"https:\/\/yeti-architectes.fr\/wp-content\/uploads\/2022\/07\/P1-YETI-BD-ORLEANS-01b-1536x1075.jpg 1536w, https:\/\/yeti-architectes.fr\/wp-content\/uploads\/2022\/07\/P1-YETI-BD-ORLEANS-01b-300x210.jpg 300w, https:\/\/yeti-architectes.fr\/wp-content\/uploads\/2022\/07\/P1-YETI-BD-ORLEANS-01b-1024x717.jpg 1024w, https:\/\/yeti-architectes.fr\/wp-content\/uploads\/2022\/07\/P1-YETI-BD-ORLEANS-01b-768x538.jpg 768w, https:\/\/yeti-architectes.fr\/wp-content\/uploads\/2022\/07\/P1-YETI-BD-ORLEANS-01b.jpg 2000w\" sizes=\"(max-width: 1536px) 100vw, 1536px\" \/>\t\t\t\t\t\t\t\t<\/a>\n\t\t\t\t\t\t\t\t\t\t\t\t\t\t<\/div>\n\t\t\t\t\t\t<\/div>\n\t\t\t\t<\/div>\n\t\t\t\t<div class=\"elementor-element elementor-element-70122b1 elementor-widget elementor-widget-text-editor\" data-id=\"70122b1\" data-element_type=\"widget\" data-widget_type=\"text-editor.default\">\n\t\t\t\t<div class=\"elementor-widget-container\">\n\t\t\t\t\t\t\t\t<div class=\"elementor-text-editor elementor-clearfix\">\n\t\t\t\t<p style=\"text-align: left;\"><strong>Programme : <\/strong>82 logements<\/p><p><strong>Localisation :<\/strong> ROUEN, boulevard d&#8217;Orl\u00e9ans<\/p><p><strong>Type de commande :<\/strong> priv\u00e9e<\/p><p><strong>Ma\u00eetre d&#8217;ouvrage :<\/strong> ICADE<\/p><p><strong>Surfaces logements :<\/strong> 4856 m\u00b2 SHAB<\/p><p><strong>Co\u00fbt : <\/strong>NC \u20ac ht<\/p><p><strong>Avancement :<\/strong> Appel\u00a0 \u00e0 projet<\/p>\t\t\t\t\t<\/div>\n\t\t\t\t\t\t<\/div>\n\t\t\t\t<\/div>\n\t\t\t\t<div class=\"elementor-element elementor-element-330309c elementor-widget__width-inherit elementor-widget elementor-widget-image-gallery\" data-id=\"330309c\" data-element_type=\"widget\" data-widget_type=\"image-gallery.default\">\n\t\t\t\t<div class=\"elementor-widget-container\">\n\t\t\t\t\t<div class=\"elementor-image-gallery\">\n\t\t\t<div id='gallery-1' class='gallery galleryid-860 gallery-columns-2 gallery-size-medium_large'><figure class='gallery-item'>\n\t\t\t<div class='gallery-icon landscape'>\n\t\t\t\t<a data-elementor-open-lightbox=\"yes\" data-elementor-lightbox-slideshow=\"330309c\" data-elementor-lightbox-title=\"P2-YETI-BD-ORLEANS-01b\" e-action-hash=\"#elementor-action%3Aaction%3Dlightbox%26settings%3DeyJpZCI6ODY1LCJ1cmwiOiJodHRwczpcL1wveWV0aS1hcmNoaXRlY3Rlcy5mclwvd3AtY29udGVudFwvdXBsb2Fkc1wvMjAyMlwvMDdcL1AyLVlFVEktQkQtT1JMRUFOUy0wMWIuanBnIiwic2xpZGVzaG93IjoiMzMwMzA5YyJ9\" href='https:\/\/yeti-architectes.fr\/wp-content\/uploads\/2022\/07\/P2-YETI-BD-ORLEANS-01b.jpg'><img width=\"768\" height=\"515\" src=\"https:\/\/yeti-architectes.fr\/wp-content\/uploads\/2022\/07\/P2-YETI-BD-ORLEANS-01b-768x515.jpg\" class=\"attachment-medium_large size-medium_large\" alt=\"\" loading=\"lazy\" srcset=\"https:\/\/yeti-architectes.fr\/wp-content\/uploads\/2022\/07\/P2-YETI-BD-ORLEANS-01b-768x515.jpg 768w, https:\/\/yeti-architectes.fr\/wp-content\/uploads\/2022\/07\/P2-YETI-BD-ORLEANS-01b-300x201.jpg 300w, https:\/\/yeti-architectes.fr\/wp-content\/uploads\/2022\/07\/P2-YETI-BD-ORLEANS-01b-1024x687.jpg 1024w, https:\/\/yeti-architectes.fr\/wp-content\/uploads\/2022\/07\/P2-YETI-BD-ORLEANS-01b-1536x1031.jpg 1536w, https:\/\/yeti-architectes.fr\/wp-content\/uploads\/2022\/07\/P2-YETI-BD-ORLEANS-01b.jpg 2000w\" sizes=\"(max-width: 768px) 100vw, 768px\" \/><\/a>\n\t\t\t<\/div><\/figure><figure class='gallery-item'>\n\t\t\t<div class='gallery-icon landscape'>\n\t\t\t\t<a data-elementor-open-lightbox=\"yes\" data-elementor-lightbox-slideshow=\"330309c\" data-elementor-lightbox-title=\"plan masse lot 3et4\" e-action-hash=\"#elementor-action%3Aaction%3Dlightbox%26settings%3DeyJpZCI6ODY0LCJ1cmwiOiJodHRwczpcL1wveWV0aS1hcmNoaXRlY3Rlcy5mclwvd3AtY29udGVudFwvdXBsb2Fkc1wvMjAyMlwvMDdcL3BsYW4tbWFzc2UtbG90LTNldDQuanBnIiwic2xpZGVzaG93IjoiMzMwMzA5YyJ9\" href='https:\/\/yeti-architectes.fr\/wp-content\/uploads\/2022\/07\/plan-masse-lot-3et4.jpg'><img width=\"768\" height=\"547\" src=\"https:\/\/yeti-architectes.fr\/wp-content\/uploads\/2022\/07\/plan-masse-lot-3et4-768x547.jpg\" class=\"attachment-medium_large size-medium_large\" alt=\"\" loading=\"lazy\" srcset=\"https:\/\/yeti-architectes.fr\/wp-content\/uploads\/2022\/07\/plan-masse-lot-3et4-768x547.jpg 768w, https:\/\/yeti-architectes.fr\/wp-content\/uploads\/2022\/07\/plan-masse-lot-3et4-300x214.jpg 300w, https:\/\/yeti-architectes.fr\/wp-content\/uploads\/2022\/07\/plan-masse-lot-3et4-1024x730.jpg 1024w, https:\/\/yeti-architectes.fr\/wp-content\/uploads\/2022\/07\/plan-masse-lot-3et4-1536x1094.jpg 1536w, https:\/\/yeti-architectes.fr\/wp-content\/uploads\/2022\/07\/plan-masse-lot-3et4.jpg 2000w\" sizes=\"(max-width: 768px) 100vw, 768px\" \/><\/a>\n\t\t\t<\/div><\/figure><figure class='gallery-item'>\n\t\t\t<div class='gallery-icon landscape'>\n\t\t\t\t<a data-elementor-open-lightbox=\"yes\" data-elementor-lightbox-slideshow=\"330309c\" data-elementor-lightbox-title=\"axonom\u00e9trie lot 3et4\" e-action-hash=\"#elementor-action%3Aaction%3Dlightbox%26settings%3DeyJpZCI6ODYzLCJ1cmwiOiJodHRwczpcL1wveWV0aS1hcmNoaXRlY3Rlcy5mclwvd3AtY29udGVudFwvdXBsb2Fkc1wvMjAyMlwvMDdcL2F4b25vbWV0cmllLWxvdC0zZXQ0LmpwZyIsInNsaWRlc2hvdyI6IjMzMDMwOWMifQ%3D%3D\" href='https:\/\/yeti-architectes.fr\/wp-content\/uploads\/2022\/07\/axonometrie-lot-3et4.jpg'><img width=\"768\" height=\"507\" src=\"https:\/\/yeti-architectes.fr\/wp-content\/uploads\/2022\/07\/axonometrie-lot-3et4-768x507.jpg\" class=\"attachment-medium_large size-medium_large\" alt=\"\" loading=\"lazy\" srcset=\"https:\/\/yeti-architectes.fr\/wp-content\/uploads\/2022\/07\/axonometrie-lot-3et4-768x507.jpg 768w, https:\/\/yeti-architectes.fr\/wp-content\/uploads\/2022\/07\/axonometrie-lot-3et4-300x198.jpg 300w, https:\/\/yeti-architectes.fr\/wp-content\/uploads\/2022\/07\/axonometrie-lot-3et4-1024x676.jpg 1024w, https:\/\/yeti-architectes.fr\/wp-content\/uploads\/2022\/07\/axonometrie-lot-3et4-1536x1014.jpg 1536w, https:\/\/yeti-architectes.fr\/wp-content\/uploads\/2022\/07\/axonometrie-lot-3et4.jpg 2000w\" sizes=\"(max-width: 768px) 100vw, 768px\" \/><\/a>\n\t\t\t<\/div><\/figure><figure class='gallery-item'>\n\t\t\t<div class='gallery-icon landscape'>\n\t\t\t\t<a data-elementor-open-lightbox=\"yes\" data-elementor-lightbox-slideshow=\"330309c\" data-elementor-lightbox-title=\"croquis lot 3et4\" e-action-hash=\"#elementor-action%3Aaction%3Dlightbox%26settings%3DeyJpZCI6ODY3LCJ1cmwiOiJodHRwczpcL1wveWV0aS1hcmNoaXRlY3Rlcy5mclwvd3AtY29udGVudFwvdXBsb2Fkc1wvMjAyMlwvMDdcL2Nyb3F1aXMtbG90LTNldDQuanBnIiwic2xpZGVzaG93IjoiMzMwMzA5YyJ9\" href='https:\/\/yeti-architectes.fr\/wp-content\/uploads\/2022\/07\/croquis-lot-3et4.jpg'><img width=\"768\" height=\"582\" src=\"https:\/\/yeti-architectes.fr\/wp-content\/uploads\/2022\/07\/croquis-lot-3et4-768x582.jpg\" class=\"attachment-medium_large size-medium_large\" alt=\"\" loading=\"lazy\" srcset=\"https:\/\/yeti-architectes.fr\/wp-content\/uploads\/2022\/07\/croquis-lot-3et4-768x582.jpg 768w, https:\/\/yeti-architectes.fr\/wp-content\/uploads\/2022\/07\/croquis-lot-3et4-300x227.jpg 300w, https:\/\/yeti-architectes.fr\/wp-content\/uploads\/2022\/07\/croquis-lot-3et4-1024x776.jpg 1024w, https:\/\/yeti-architectes.fr\/wp-content\/uploads\/2022\/07\/croquis-lot-3et4-1536x1164.jpg 1536w, https:\/\/yeti-architectes.fr\/wp-content\/uploads\/2022\/07\/croquis-lot-3et4.jpg 2000w\" sizes=\"(max-width: 768px) 100vw, 768px\" \/><\/a>\n\t\t\t<\/div><\/figure>\n\t\t<\/div>\n\t\t<\/div>\n\t\t\t\t<\/div>\n\t\t\t\t<\/div>\n\t\t\t\t\t\t<\/div>\n\t\t\t\t\t<\/div>\n\t\t<\/div>\n\t\t\t\t\t\t\t\t<\/div>\n\t\t\t\t\t<\/div>\n\t\t<\/section>\n\t\t\t\t\t\t\t\t\t<\/div>\n\t\t\t<\/div>\n\t\t\t\t\t<\/div>\n\t\t","protected":false},"excerpt":{"rendered":"<p>82 logements Programme : 82 logements Localisation : ROUEN, boulevard d&#8217;Orl\u00e9ans Type de commande : priv\u00e9e Ma\u00eetre d&#8217;ouvrage : ICADE Surfaces logements : 4856 m\u00b2 SHAB Co\u00fbt : NC \u20ac ht Avancement : Appel\u00a0 \u00e0 projet<\/p>\n","protected":false},"author":1,"featured_media":0,"parent":0,"menu_order":0,"comment_status":"closed","ping_status":"closed","template":"elementor_header_footer","meta":{"_mi_skip_tracking":false},"_links":{"self":[{"href":"https:\/\/yeti-architectes.fr\/index.php\/wp-json\/wp\/v2\/pages\/860"}],"collection":[{"href":"https:\/\/yeti-architectes.fr\/index.php\/wp-json\/wp\/v2\/pages"}],"about":[{"href":"https:\/\/yeti-architectes.fr\/index.php\/wp-json\/wp\/v2\/types\/page"}],"author":[{"embeddable":true,"href":"https:\/\/yeti-architectes.fr\/index.php\/wp-json\/wp\/v2\/users\/1"}],"replies":[{"embeddable":true,"href":"https:\/\/yeti-architectes.fr\/index.php\/wp-json\/wp\/v2\/comments?post=860"}],"version-history":[{"count":10,"href":"https:\/\/yeti-architectes.fr\/index.php\/wp-json\/wp\/v2\/pages\/860\/revisions"}],"predecessor-version":[{"id":1043,"href":"https:\/\/yeti-architectes.fr\/index.php\/wp-json\/wp\/v2\/pages\/860\/revisions\/1043"}],"wp:attachment":[{"href":"https:\/\/yeti-architectes.fr\/index.php\/wp-json\/wp\/v2\/media?parent=860"}],"curies":[{"name":"wp","href":"https:\/\/api.w.org\/{rel}","templated":true}]}}